{"id":656,"date":"2023-06-21T09:21:36","date_gmt":"2023-06-21T09:21:36","guid":{"rendered":"https:\/\/www.limburgrecycling.testbanana.nl\/svu\/"},"modified":"2024-04-12T07:24:51","modified_gmt":"2024-04-12T07:24:51","slug":"svu","status":"publish","type":"page","link":"https:\/\/www.limburgrecycling.nl\/de\/svu\/","title":{"rendered":"SVU"},"content":{"rendered":"\t\t<div data-elementor-type=\"wp-page\" data-elementor-id=\"656\" class=\"elementor elementor-656 elementor-208\" data-elementor-post-type=\"page\">\n\t\t\t\t\t\t<section class=\"elementor-section elementor-top-section elementor-element elementor-element-1cb609f elementor-section-height-min-height elementor-section-boxed elementor-section-height-default elementor-section-items-middle\" data-id=\"1cb609f\" data-element_type=\"section\" data-settings=\"{&quot;background_background&quot;:&quot;classic&quot;}\">\n\t\t\t\t\t\t\t<div class=\"elementor-background-overlay\"><\/div>\n\t\t\t\t\t\t\t<div class=\"elementor-container elementor-column-gap-default\">\n\t\t\t\t\t<div class=\"elementor-column elementor-col-100 elementor-top-column elementor-element elementor-element-03e5193\" data-id=\"03e5193\" data-element_type=\"column\">\n\t\t\t<div class=\"elementor-widget-wrap elementor-element-populated\">\n\t\t\t\t\t\t<div class=\"elementor-element elementor-element-4db978a elementor-widget elementor-widget-heading\" data-id=\"4db978a\" data-element_type=\"widget\" data-widget_type=\"heading.default\">\n\t\t\t\t<div class=\"elementor-widget-container\">\n\t\t\t<h2 class=\"elementor-heading-title elementor-size-default\">Soziale <br>  Verantwortung<\/h2>\t\t<\/div>\n\t\t\t\t<\/div>\n\t\t\t\t\t<\/div>\n\t\t<\/div>\n\t\t\t\t\t<\/div>\n\t\t<\/section>\n\t\t\t\t<section class=\"elementor-section elementor-top-section elementor-element elementor-element-acb71f7 elementor-section-boxed elementor-section-height-default elementor-section-height-default\" data-id=\"acb71f7\" data-element_type=\"section\">\n\t\t\t\t\t\t<div class=\"elementor-container elementor-column-gap-default\">\n\t\t\t\t\t<div class=\"elementor-column elementor-col-50 elementor-top-column elementor-element elementor-element-0124d9d\" data-id=\"0124d9d\" data-element_type=\"column\">\n\t\t\t<div class=\"elementor-widget-wrap elementor-element-populated\">\n\t\t\t\t\t\t<div class=\"elementor-element elementor-element-bcbfd02 elementor-widget elementor-widget-heading\" data-id=\"bcbfd02\" data-element_type=\"widget\" data-widget_type=\"heading.default\">\n\t\t\t\t<div class=\"elementor-widget-container\">\n\t\t\t<h2 class=\"elementor-heading-title elementor-size-default\">Reduzierung der CO2-Emissionen<\/h2>\t\t<\/div>\n\t\t\t\t<\/div>\n\t\t\t\t<div class=\"elementor-element elementor-element-dd80aff elementor-widget elementor-widget-heading\" data-id=\"dd80aff\" data-element_type=\"widget\" data-widget_type=\"heading.default\">\n\t\t\t\t<div class=\"elementor-widget-container\">\n\t\t\t<h2 class=\"elementor-heading-title elementor-size-default\">Die Metallrecyclingindustrie realisiert eine erhebliche Reduzierung der CO2-Emissionen. Durch den Einsatz von Sekund\u00e4rrohstoffen werden mit Eisen, Aluminium und Kupfer j\u00e4hrlich 572 Millionen Tonnen CO2 reduziert! <\/h2>\t\t<\/div>\n\t\t\t\t<\/div>\n\t\t\t\t\t<\/div>\n\t\t<\/div>\n\t\t\t\t<div class=\"elementor-column elementor-col-50 elementor-top-column elementor-element elementor-element-b37d2e1\" data-id=\"b37d2e1\" data-element_type=\"column\">\n\t\t\t<div class=\"elementor-widget-wrap elementor-element-populated\">\n\t\t\t\t\t\t<div class=\"elementor-element elementor-element-f0e0416 elementor-widget elementor-widget-heading\" data-id=\"f0e0416\" data-element_type=\"widget\" data-widget_type=\"heading.default\">\n\t\t\t\t<div class=\"elementor-widget-container\">\n\t\t\t<h2 class=\"elementor-heading-title elementor-size-default\">Recyclingraten von mehr als 90% werden durch die R\u00fcckkehr der weggeworfenen Materialien in den Kreislauf erzielt. Die gesamte Industrie begrenzt somit das Ausgraben immer knapper werdender Prim\u00e4rrohstoffe. Dar\u00fcber hinaus ergeben sich bei der Metallrecycling im Vergleich zur Verwendung von Prim\u00e4rrohstoffen erhebliche Energieeinsparungen. Hier finden Sie den ausf\u00fchrlichen Bericht (Report on the environmental benefits of recycling) des BIR.   <\/h2>\t\t<\/div>\n\t\t\t\t<\/div>\n\t\t\t\t\t<\/div>\n\t\t<\/div>\n\t\t\t\t\t<\/div>\n\t\t<\/section>\n\t\t\t\t<section class=\"elementor-section elementor-top-section elementor-element elementor-element-9cfbcbc elementor-section-full_width elementor-section-height-default elementor-section-height-default\" data-id=\"9cfbcbc\" data-element_type=\"section\">\n\t\t\t\t\t\t<div class=\"elementor-container elementor-column-gap-default\">\n\t\t\t\t\t<div class=\"elementor-column elementor-col-50 elementor-top-column elementor-element elementor-element-251e643\" data-id=\"251e643\" data-element_type=\"column\">\n\t\t\t<div class=\"elementor-widget-wrap elementor-element-populated\">\n\t\t\t\t\t\t<div class=\"elementor-element elementor-element-91fb565 elementor-widget elementor-widget-image\" data-id=\"91fb565\" data-element_type=\"widget\" data-widget_type=\"image.default\">\n\t\t\t\t<div class=\"elementor-widget-container\">\n\t\t\t\t\t\t\t\t\t\t\t\t\t<img fetchpriority=\"high\" decoding=\"async\" width=\"800\" height=\"533\" src=\"https:\/\/www.limburgrecycling.nl\/wp-content\/uploads\/2023\/06\/Limburg-Recycling-MVO-2880w-1024x682.webp\" class=\"attachment-large size-large wp-image-560\" alt=\"\" srcset=\"https:\/\/www.limburgrecycling.nl\/wp-content\/uploads\/2023\/06\/Limburg-Recycling-MVO-2880w-1024x682.webp 1024w, https:\/\/www.limburgrecycling.nl\/wp-content\/uploads\/2023\/06\/Limburg-Recycling-MVO-2880w-300x200.webp 300w, https:\/\/www.limburgrecycling.nl\/wp-content\/uploads\/2023\/06\/Limburg-Recycling-MVO-2880w-768x512.webp 768w, https:\/\/www.limburgrecycling.nl\/wp-content\/uploads\/2023\/06\/Limburg-Recycling-MVO-2880w.webp 1201w\" sizes=\"(max-width: 800px) 100vw, 800px\" \/>\t\t\t\t\t\t\t\t\t\t\t\t\t<\/div>\n\t\t\t\t<\/div>\n\t\t\t\t\t<\/div>\n\t\t<\/div>\n\t\t\t\t<div class=\"elementor-column elementor-col-50 elementor-top-column elementor-element elementor-element-bd77ca1\" data-id=\"bd77ca1\" data-element_type=\"column\">\n\t\t\t<div class=\"elementor-widget-wrap elementor-element-populated\">\n\t\t\t\t\t\t<div class=\"elementor-element elementor-element-6199be9 elementor-widget elementor-widget-heading\" data-id=\"6199be9\" data-element_type=\"widget\" data-widget_type=\"heading.default\">\n\t\t\t\t<div class=\"elementor-widget-container\">\n\t\t\t<h2 class=\"elementor-heading-title elementor-size-default\">Urban mining<\/h2>\t\t<\/div>\n\t\t\t\t<\/div>\n\t\t\t\t<div class=\"elementor-element elementor-element-c688823 elementor-widget elementor-widget-heading\" data-id=\"c688823\" data-element_type=\"widget\" data-widget_type=\"heading.default\">\n\t\t\t\t<div class=\"elementor-widget-container\">\n\t\t\t<h2 class=\"elementor-heading-title elementor-size-default\">Urban Mining ist die R\u00fcckgewinnung der Rohstoffe aus weggeworfenen Materialien. Da Limburg Recycling wo m\u00f6glich direkt von der Quelle zum Endziel gelangt, begrenzen wir direkte Emissionen und Verschmutzung durch unn\u00f6tigen Transport und unn\u00f6tige Handhabung.  <br> <br>\n\nDa wir versuchen die Materialien so hoch wie m\u00f6glich in die Lieferkette zu platzieren, erh\u00e4lt der Lieferant einen bessern Ertrag und gibt es so wenig Rohstoffverlust wie m\u00f6glich. Limburg Recycling ist daher zu Recht ein URBAN MINING Company. <\/h2>\t\t<\/div>\n\t\t\t\t<\/div>\n\t\t\t\t\t<\/div>\n\t\t<\/div>\n\t\t\t\t\t<\/div>\n\t\t<\/section>\n\t\t\t\t<section class=\"elementor-section elementor-top-section elementor-element elementor-element-07f677a elementor-section-full_width elementor-reverse-mobile elementor-section-height-default elementor-section-height-default\" data-id=\"07f677a\" data-element_type=\"section\">\n\t\t\t\t\t\t<div class=\"elementor-container elementor-column-gap-default\">\n\t\t\t\t\t<div class=\"elementor-column elementor-col-50 elementor-top-column elementor-element elementor-element-c5986f5\" data-id=\"c5986f5\" data-element_type=\"column\">\n\t\t\t<div class=\"elementor-widget-wrap elementor-element-populated\">\n\t\t\t\t\t\t<div class=\"elementor-element elementor-element-dd38343 elementor-widget elementor-widget-heading\" data-id=\"dd38343\" data-element_type=\"widget\" data-widget_type=\"heading.default\">\n\t\t\t\t<div class=\"elementor-widget-container\">\n\t\t\t<h2 class=\"elementor-heading-title elementor-size-default\">T-Shirts f\u00fcr einen guten Zweck\n<\/h2>\t\t<\/div>\n\t\t\t\t<\/div>\n\t\t\t\t<div class=\"elementor-element elementor-element-2e855c6 elementor-widget elementor-widget-heading\" data-id=\"2e855c6\" data-element_type=\"widget\" data-widget_type=\"heading.default\">\n\t\t\t\t<div class=\"elementor-widget-container\">\n\t\t\t<h2 class=\"elementor-heading-title elementor-size-default\">Diese Hemden wurden von und f\u00fcr M\u00e4nner aus Stahl entwickelt. Also auch schwere Qualit\u00e4t mit coolen Prints. Wir haben sogar noch mehr als erwartet ins Schwarze getroffen, denn die Shirts erfreuten sich auch au\u00dferhalb der Recyclingbranche einer beispiellosen Beliebtheit, so dass es sich um mehr als nur eine spielerische Kampagne zur Unterst\u00fctzung eines guten Zwecks handelte. Die Shirts kosten 24,95 \u20ac, wovon 10,00 \u20ac pro St\u00fcck an die unten genannte Wohlt\u00e4tigkeitsorganisation gespendet werden. M\u00f6chten Sie dieses Modell? Dann bestellen Sie schnell, denn die Auflage ist begrenzt.<\/h2>\t\t<\/div>\n\t\t\t\t<\/div>\n\t\t\t\t\t<\/div>\n\t\t<\/div>\n\t\t\t\t<div class=\"elementor-column elementor-col-50 elementor-top-column elementor-element elementor-element-518a456\" data-id=\"518a456\" data-element_type=\"column\">\n\t\t\t<div class=\"elementor-widget-wrap elementor-element-populated\">\n\t\t\t\t\t\t<div class=\"elementor-element elementor-element-0483250 elementor-widget elementor-widget-image\" data-id=\"0483250\" data-element_type=\"widget\" data-widget_type=\"image.default\">\n\t\t\t\t<div class=\"elementor-widget-container\">\n\t\t\t\t\t\t\t\t\t\t\t\t\t<img decoding=\"async\" width=\"800\" height=\"593\" src=\"https:\/\/www.limburgrecycling.nl\/wp-content\/uploads\/2023\/06\/Shirts-2880w-1024x759.webp\" class=\"attachment-large size-large wp-image-562\" alt=\"\" srcset=\"https:\/\/www.limburgrecycling.nl\/wp-content\/uploads\/2023\/06\/Shirts-2880w-1024x759.webp 1024w, https:\/\/www.limburgrecycling.nl\/wp-content\/uploads\/2023\/06\/Shirts-2880w-300x222.webp 300w, https:\/\/www.limburgrecycling.nl\/wp-content\/uploads\/2023\/06\/Shirts-2880w-768x569.webp 768w, https:\/\/www.limburgrecycling.nl\/wp-content\/uploads\/2023\/06\/Shirts-2880w.webp 1080w\" sizes=\"(max-width: 800px) 100vw, 800px\" \/>\t\t\t\t\t\t\t\t\t\t\t\t\t<\/div>\n\t\t\t\t<\/div>\n\t\t\t\t\t<\/div>\n\t\t<\/div>\n\t\t\t\t\t<\/div>\n\t\t<\/section>\n\t\t\t\t<section class=\"elementor-section elementor-top-section elementor-element elementor-element-7dd746b elementor-section-full_width elementor-section-height-default elementor-section-height-default\" data-id=\"7dd746b\" data-element_type=\"section\">\n\t\t\t\t\t\t<div class=\"elementor-container elementor-column-gap-default\">\n\t\t\t\t\t<div class=\"elementor-column elementor-col-50 elementor-top-column elementor-element elementor-element-0816f2e\" data-id=\"0816f2e\" data-element_type=\"column\">\n\t\t\t<div class=\"elementor-widget-wrap elementor-element-populated\">\n\t\t\t\t\t\t<div class=\"elementor-element elementor-element-790399a elementor-widget elementor-widget-image-carousel\" data-id=\"790399a\" data-element_type=\"widget\" data-settings=\"{&quot;slides_to_show&quot;:&quot;1&quot;,&quot;navigation&quot;:&quot;none&quot;,&quot;effect&quot;:&quot;fade&quot;,&quot;autoplay&quot;:&quot;yes&quot;,&quot;pause_on_hover&quot;:&quot;yes&quot;,&quot;pause_on_interaction&quot;:&quot;yes&quot;,&quot;autoplay_speed&quot;:5000,&quot;infinite&quot;:&quot;yes&quot;,&quot;speed&quot;:500}\" data-widget_type=\"image-carousel.default\">\n\t\t\t\t<div class=\"elementor-widget-container\">\n\t\t\t\t\t<div class=\"elementor-image-carousel-wrapper swiper\" dir=\"ltr\">\n\t\t\t<div class=\"elementor-image-carousel swiper-wrapper swiper-image-stretch\" aria-live=\"off\">\n\t\t\t\t\t\t\t\t<div class=\"swiper-slide\" role=\"group\" aria-roledescription=\"slide\" aria-label=\"1 von 5\"><figure class=\"swiper-slide-inner\"><img decoding=\"async\" class=\"swiper-slide-image\" src=\"https:\/\/www.limburgrecycling.nl\/wp-content\/uploads\/2023\/06\/voedselbank-1920w.webp\" alt=\"voedselbank-1920w\" \/><\/figure><\/div><div class=\"swiper-slide\" role=\"group\" aria-roledescription=\"slide\" aria-label=\"2 von 5\"><figure class=\"swiper-slide-inner\"><img decoding=\"async\" class=\"swiper-slide-image\" src=\"https:\/\/www.limburgrecycling.nl\/wp-content\/uploads\/2023\/12\/kwf-logo.jpg\" alt=\"kwf-logo\" \/><\/figure><\/div><div class=\"swiper-slide\" role=\"group\" aria-roledescription=\"slide\" aria-label=\"3 von 5\"><figure class=\"swiper-slide-inner\"><img decoding=\"async\" class=\"swiper-slide-image\" src=\"https:\/\/www.limburgrecycling.nl\/wp-content\/uploads\/2023\/12\/Kinderhulp-1.png\" alt=\"Kinderhulp\" \/><\/figure><\/div><div class=\"swiper-slide\" role=\"group\" aria-roledescription=\"slide\" aria-label=\"4 von 5\"><figure class=\"swiper-slide-inner\"><img decoding=\"async\" class=\"swiper-slide-image\" src=\"https:\/\/www.limburgrecycling.nl\/wp-content\/uploads\/2023\/12\/Make-a-wish.webp\" alt=\"Make a wish\" \/><\/figure><\/div><div class=\"swiper-slide\" role=\"group\" aria-roledescription=\"slide\" aria-label=\"5 von 5\"><figure class=\"swiper-slide-inner\"><img decoding=\"async\" class=\"swiper-slide-image\" src=\"https:\/\/www.limburgrecycling.nl\/wp-content\/uploads\/2023\/12\/Serious-Request-1.png\" alt=\"Serious Request\" \/><\/figure><\/div>\t\t\t<\/div>\n\t\t\t\t\t\t\t\n\t\t\t\t\t\t\t\t\t<\/div>\n\t\t\t\t<\/div>\n\t\t\t\t<\/div>\n\t\t\t\t\t<\/div>\n\t\t<\/div>\n\t\t\t\t<div class=\"elementor-column elementor-col-50 elementor-top-column elementor-element elementor-element-e86a92e\" data-id=\"e86a92e\" data-element_type=\"column\">\n\t\t\t<div class=\"elementor-widget-wrap elementor-element-populated\">\n\t\t\t\t\t\t<div class=\"elementor-element elementor-element-ed01072 elementor-widget elementor-widget-heading\" data-id=\"ed01072\" data-element_type=\"widget\" data-widget_type=\"heading.default\">\n\t\t\t\t<div class=\"elementor-widget-container\">\n\t\t\t<h2 class=\"elementor-heading-title elementor-size-default\">Wohlt\u00e4tigkeitsorganisationen<\/h2>\t\t<\/div>\n\t\t\t\t<\/div>\n\t\t\t\t<div class=\"elementor-element elementor-element-b63c636 elementor-widget__width-initial elementor-widget elementor-widget-heading\" data-id=\"b63c636\" data-element_type=\"widget\" data-widget_type=\"heading.default\">\n\t\t\t\t<div class=\"elementor-widget-container\">\n\t\t\t<h2 class=\"elementor-heading-title elementor-size-default\">Bei Limburg Recycling haben wir uns in diesem Jahr daf\u00fcr entschieden, unser Budget f\u00fcr Firmengeschenke an 4 herzerw\u00e4rmende Initiativen zu spenden:  <br>ALS-Stiftung (\u00fcber Serious Request)<br>Lebensmittelbanken in den Niederlanden<br>W\u00fcnschen Sie sich etwas<br>KWF Krebsgesellschaft<br>Stiftung Kinderhilfe\nDiese Organisationen setzen sich daf\u00fcr ein, Menschen in Not jetzt zu helfen. Hilfe, die gerade in dieser Zeit, in der jeder eine helfende Hand gebrauchen k\u00f6nnte, unverzichtbar ist. <\/h2>\t\t<\/div>\n\t\t\t\t<\/div>\n\t\t\t\t\t<\/div>\n\t\t<\/div>\n\t\t\t\t\t<\/div>\n\t\t<\/section>\n\t\t\t\t<section class=\"elementor-section elementor-top-section elementor-element elementor-element-d6d963f elementor-section-boxed elementor-section-height-default elementor-section-height-default\" data-id=\"d6d963f\" data-element_type=\"section\">\n\t\t\t\t\t\t<div class=\"elementor-container elementor-column-gap-default\">\n\t\t\t\t\t<div class=\"elementor-column elementor-col-100 elementor-top-column elementor-element elementor-element-573a484\" data-id=\"573a484\" data-element_type=\"column\">\n\t\t\t<div class=\"elementor-widget-wrap elementor-element-populated\">\n\t\t\t\t\t\t<div class=\"elementor-element elementor-element-cc1bf2c elementor-widget elementor-widget-video\" data-id=\"cc1bf2c\" data-element_type=\"widget\" data-settings=\"{&quot;youtube_url&quot;:&quot;https:\\\/\\\/www.youtube.com\\\/watch?v=XHOmBV4js_E&quot;,&quot;video_type&quot;:&quot;youtube&quot;,&quot;controls&quot;:&quot;yes&quot;}\" data-widget_type=\"video.default\">\n\t\t\t\t<div class=\"elementor-widget-container\">\n\t\t\t\t\t<div class=\"elementor-wrapper elementor-open-inline\">\n\t\t\t<div class=\"elementor-video\"><\/div>\t\t<\/div>\n\t\t\t\t<\/div>\n\t\t\t\t<\/div>\n\t\t\t\t\t<\/div>\n\t\t<\/div>\n\t\t\t\t\t<\/div>\n\t\t<\/section>\n\t\t\t\t<section class=\"elementor-section elementor-top-section elementor-element elementor-element-f9166cb elementor-section-boxed elementor-section-height-default elementor-section-height-default\" data-id=\"f9166cb\" data-element_type=\"section\">\n\t\t\t\t\t\t<div class=\"elementor-container elementor-column-gap-default\">\n\t\t\t\t\t<div class=\"elementor-column elementor-col-100 elementor-top-column elementor-element elementor-element-4570ceb\" data-id=\"4570ceb\" data-element_type=\"column\">\n\t\t\t<div class=\"elementor-widget-wrap elementor-element-populated\">\n\t\t\t\t\t\t<div class=\"elementor-element elementor-element-59fabfa elementor-widget elementor-widget-image\" data-id=\"59fabfa\" data-element_type=\"widget\" data-widget_type=\"image.default\">\n\t\t\t\t<div class=\"elementor-widget-container\">\n\t\t\t\t\t\t\t\t\t\t\t\t\t<img decoding=\"async\" width=\"800\" height=\"564\" src=\"https:\/\/www.limburgrecycling.nl\/wp-content\/uploads\/2024\/04\/Knipsel.png\" class=\"attachment-large size-large wp-image-1872\" alt=\"\" srcset=\"https:\/\/www.limburgrecycling.nl\/wp-content\/uploads\/2024\/04\/Knipsel.png 958w, https:\/\/www.limburgrecycling.nl\/wp-content\/uploads\/2024\/04\/Knipsel-300x211.png 300w, https:\/\/www.limburgrecycling.nl\/wp-content\/uploads\/2024\/04\/Knipsel-768x541.png 768w\" sizes=\"(max-width: 800px) 100vw, 800px\" \/>\t\t\t\t\t\t\t\t\t\t\t\t\t<\/div>\n\t\t\t\t<\/div>\n\t\t\t\t\t<\/div>\n\t\t<\/div>\n\t\t\t\t\t<\/div>\n\t\t<\/section>\n\t\t\t\t<\/div>\n\t\t","protected":false},"excerpt":{"rendered":"<p>Soziale Verantwortung Reduzierung der CO2-Emissionen Die Metallrecyclingindustrie realisiert eine erhebliche Reduzierung der CO2-Emissionen. Durch den Einsatz von Sekund\u00e4rrohstoffen werden mit Eisen, Aluminium und Kupfer j\u00e4hrlich 572 Millionen Tonnen CO2 reduziert! Recyclingraten von mehr als 90% werden durch die R\u00fcckkehr der weggeworfenen Materialien in den Kreislauf erzielt. Die gesamte Industrie begrenzt somit das Ausgraben immer knapper [&hellip;]<\/p>\n","protected":false},"author":1,"featured_media":0,"parent":0,"menu_order":0,"comment_status":"closed","ping_status":"closed","template":"elementor_header_footer","meta":{"footnotes":""},"class_list":["post-656","page","type-page","status-publish","hentry"],"_links":{"self":[{"href":"https:\/\/www.limburgrecycling.nl\/de\/wp-json\/wp\/v2\/pages\/656","targetHints":{"allow":["GET"]}}],"collection":[{"href":"https:\/\/www.limburgrecycling.nl\/de\/wp-json\/wp\/v2\/pages"}],"about":[{"href":"https:\/\/www.limburgrecycling.nl\/de\/wp-json\/wp\/v2\/types\/page"}],"author":[{"embeddable":true,"href":"https:\/\/www.limburgrecycling.nl\/de\/wp-json\/wp\/v2\/users\/1"}],"replies":[{"embeddable":true,"href":"https:\/\/www.limburgrecycling.nl\/de\/wp-json\/wp\/v2\/comments?post=656"}],"version-history":[{"count":6,"href":"https:\/\/www.limburgrecycling.nl\/de\/wp-json\/wp\/v2\/pages\/656\/revisions"}],"predecessor-version":[{"id":1876,"href":"https:\/\/www.limburgrecycling.nl\/de\/wp-json\/wp\/v2\/pages\/656\/revisions\/1876"}],"wp:attachment":[{"href":"https:\/\/www.limburgrecycling.nl\/de\/wp-json\/wp\/v2\/media?parent=656"}],"curies":[{"name":"wp","href":"https:\/\/api.w.org\/{rel}","templated":true}]}}