{"id":635,"date":"2023-06-21T08:32:04","date_gmt":"2023-06-21T08:32:04","guid":{"rendered":"https:\/\/www.limburgrecycling.testbanana.nl\/ueber-uns\/"},"modified":"2023-06-26T07:40:52","modified_gmt":"2023-06-26T07:40:52","slug":"ueber-uns","status":"publish","type":"page","link":"https:\/\/www.limburgrecycling.nl\/de\/ueber-uns\/","title":{"rendered":"\u00dcber uns"},"content":{"rendered":"\t\t<div data-elementor-type=\"wp-page\" data-elementor-id=\"635\" class=\"elementor elementor-635 elementor-53\" data-elementor-post-type=\"page\">\n\t\t\t\t\t\t<section class=\"elementor-section elementor-top-section elementor-element elementor-element-b05d99e elementor-section-height-min-height elementor-section-boxed elementor-section-height-default elementor-section-items-middle\" data-id=\"b05d99e\" data-element_type=\"section\" data-settings=\"{&quot;background_background&quot;:&quot;classic&quot;}\">\n\t\t\t\t\t\t\t<div class=\"elementor-background-overlay\"><\/div>\n\t\t\t\t\t\t\t<div class=\"elementor-container elementor-column-gap-default\">\n\t\t\t\t\t<div class=\"elementor-column elementor-col-100 elementor-top-column elementor-element elementor-element-62976c3\" data-id=\"62976c3\" data-element_type=\"column\">\n\t\t\t<div class=\"elementor-widget-wrap elementor-element-populated\">\n\t\t\t\t\t\t<div class=\"elementor-element elementor-element-8cab01c elementor-widget elementor-widget-heading\" data-id=\"8cab01c\" data-element_type=\"widget\" data-widget_type=\"heading.default\">\n\t\t\t\t<div class=\"elementor-widget-container\">\n\t\t\t<h1 class=\"elementor-heading-title elementor-size-default\">\u00dcber uns<\/h1>\t\t<\/div>\n\t\t\t\t<\/div>\n\t\t\t\t\t<\/div>\n\t\t<\/div>\n\t\t\t\t\t<\/div>\n\t\t<\/section>\n\t\t\t\t<section class=\"elementor-section elementor-top-section elementor-element elementor-element-69c2402 elementor-section-boxed elementor-section-height-default elementor-section-height-default\" data-id=\"69c2402\" data-element_type=\"section\">\n\t\t\t\t\t\t<div class=\"elementor-container elementor-column-gap-default\">\n\t\t\t\t\t<div class=\"elementor-column elementor-col-50 elementor-top-column elementor-element elementor-element-48f1b56\" data-id=\"48f1b56\" data-element_type=\"column\">\n\t\t\t<div class=\"elementor-widget-wrap elementor-element-populated\">\n\t\t\t\t\t\t<div class=\"elementor-element elementor-element-79e02bd elementor-widget elementor-widget-heading\" data-id=\"79e02bd\" data-element_type=\"widget\" data-widget_type=\"heading.default\">\n\t\t\t\t<div class=\"elementor-widget-container\">\n\t\t\t<h2 class=\"elementor-heading-title elementor-size-default\">Alter Eisenhandel Limburg<\/h2>\t\t<\/div>\n\t\t\t\t<\/div>\n\t\t\t\t\t<\/div>\n\t\t<\/div>\n\t\t\t\t<div class=\"elementor-column elementor-col-50 elementor-top-column elementor-element elementor-element-a3e8371\" data-id=\"a3e8371\" data-element_type=\"column\">\n\t\t\t<div class=\"elementor-widget-wrap elementor-element-populated\">\n\t\t\t\t\t\t<div class=\"elementor-element elementor-element-e610893 elementor-widget elementor-widget-heading\" data-id=\"e610893\" data-element_type=\"widget\" data-widget_type=\"heading.default\">\n\t\t\t\t<div class=\"elementor-widget-container\">\n\t\t\t<h2 class=\"elementor-heading-title elementor-size-default\">Ihr solider Partner im Volumenhandel von Sekund\u00e4rrohstoffen und Nebenprodukten<\/h2>\t\t<\/div>\n\t\t\t\t<\/div>\n\t\t\t\t<div class=\"elementor-element elementor-element-95985f1 elementor-widget elementor-widget-heading\" data-id=\"95985f1\" data-element_type=\"widget\" data-widget_type=\"heading.default\">\n\t\t\t\t<div class=\"elementor-widget-container\">\n\t\t\t<h2 class=\"elementor-heading-title elementor-size-default\">Als unabh\u00e4ngiges Unternehmen ist Limburg Recycling gerne Ihr solider Partner im Volumenhandel von Sekund\u00e4rrohstoffen und Nebenprodukten f\u00fcr haupts\u00e4chlich Stahlfabriken, Gie\u00dfereien, Schmelzereien, Raffinerien und verwandte Endverarbeitungsindustrien. Mit Sitz in Helden (in der N\u00e4he von Venlo), zentral gelegen f\u00fcr Beziehungen in Deutschland, den Niederlanden und Belgien, verf\u00fcgen wir \u00fcber mehr als 25 Jahre Erfahrung in der Recyclingindustrie. Wir handeln und vermitteln j\u00e4hrlich zwischen 80.000 und 100.000 Tonnen Sekund\u00e4rrohstoffe. Obschon unser Handelsnetzwerk sich haupts\u00e4chlich innerhalb Europa befindet, gibt es auch einige Handelspartner in Asien und im Nahen Osten, die sich auf Limburg Recycling verlassen. Das Produktportfolio von Limburg Recycling umfasst eine breite Palette von M\u00fcllverbrennungsschrott, Nebenprodukten, Gie\u00dferei-Qualit\u00e4ten und \u00fcbrigen Ferro- und Non-Ferroqualit\u00e4ten.    <\/h2>\t\t<\/div>\n\t\t\t\t<\/div>\n\t\t\t\t\t<\/div>\n\t\t<\/div>\n\t\t\t\t\t<\/div>\n\t\t<\/section>\n\t\t\t\t<section class=\"elementor-section elementor-top-section elementor-element elementor-element-80a3f50 elementor-section-full_width elementor-section-height-default elementor-section-height-default\" data-id=\"80a3f50\" data-element_type=\"section\">\n\t\t\t\t\t\t<div class=\"elementor-container elementor-column-gap-default\">\n\t\t\t\t\t<div class=\"elementor-column elementor-col-50 elementor-top-column elementor-element elementor-element-53a557f\" data-id=\"53a557f\" data-element_type=\"column\">\n\t\t\t<div class=\"elementor-widget-wrap elementor-element-populated\">\n\t\t\t\t\t\t<div class=\"elementor-element elementor-element-648d66d elementor-widget elementor-widget-image\" data-id=\"648d66d\" data-element_type=\"widget\" data-widget_type=\"image.default\">\n\t\t\t\t<div class=\"elementor-widget-container\">\n\t\t\t\t\t\t\t\t\t\t\t\t\t<img fetchpriority=\"high\" decoding=\"async\" width=\"800\" height=\"534\" src=\"https:\/\/www.limburgrecycling.nl\/wp-content\/uploads\/2023\/06\/DSC06280-2880w-1024x683.jpg\" class=\"attachment-large size-large wp-image-708\" alt=\"\" srcset=\"https:\/\/www.limburgrecycling.nl\/wp-content\/uploads\/2023\/06\/DSC06280-2880w-1024x683.jpg 1024w, https:\/\/www.limburgrecycling.nl\/wp-content\/uploads\/2023\/06\/DSC06280-2880w-300x200.jpg 300w, https:\/\/www.limburgrecycling.nl\/wp-content\/uploads\/2023\/06\/DSC06280-2880w-768x512.jpg 768w, https:\/\/www.limburgrecycling.nl\/wp-content\/uploads\/2023\/06\/DSC06280-2880w-1536x1024.jpg 1536w, https:\/\/www.limburgrecycling.nl\/wp-content\/uploads\/2023\/06\/DSC06280-2880w.jpg 1920w\" sizes=\"(max-width: 800px) 100vw, 800px\" \/>\t\t\t\t\t\t\t\t\t\t\t\t\t<\/div>\n\t\t\t\t<\/div>\n\t\t\t\t\t<\/div>\n\t\t<\/div>\n\t\t\t\t<div class=\"elementor-column elementor-col-50 elementor-top-column elementor-element elementor-element-0704af5\" data-id=\"0704af5\" data-element_type=\"column\">\n\t\t\t<div class=\"elementor-widget-wrap elementor-element-populated\">\n\t\t\t\t\t\t<div class=\"elementor-element elementor-element-e64d140 elementor-widget elementor-widget-heading\" data-id=\"e64d140\" data-element_type=\"widget\" data-widget_type=\"heading.default\">\n\t\t\t\t<div class=\"elementor-widget-container\">\n\t\t\t<h2 class=\"elementor-heading-title elementor-size-default\">Vorteile fruchtbare Zusammenarbeit<\/h2>\t\t<\/div>\n\t\t\t\t<\/div>\n\t\t\t\t<div class=\"elementor-element elementor-element-f4aaa53 elementor-widget elementor-widget-heading\" data-id=\"f4aaa53\" data-element_type=\"widget\" data-widget_type=\"heading.default\">\n\t\t\t\t<div class=\"elementor-widget-container\">\n\t\t\t<h2 class=\"elementor-heading-title elementor-size-default\">Wir streben nach einer stabiler Partnerschaft mit gegenseitigen Vorteilen im Bereich unserem Kerngesch\u00e4ft: Der Handel mit Bulkvolumen an Sekund\u00e4rrohstoffen und Nebenprodukten f\u00fcr Gie\u00dfereien, Stahlfabriken, Schmelzereien, Raffinerien und verwandte Endverarbeitungsindustrien.<br><br>\n\nDer Mehrwert von Limburg Recycling ist die einzigartige und starke Position in der Recyclingindustrie. Wir haben eine direkte Partnerschaft mit Endverarbeitern sowie Stahlfabriken, Gie\u00dfereien, Schmelzereien, Raffinerien, M\u00fcllverbrennungsanlagen und spezialisierten Metallrecyclingunternehmen. Unsere Beziehungen profitieren direkt von diesen kurzen Linien von Abfallstoff \u00fcber Sekund\u00e4rrohstoff und schlie\u00dflich zu einem neuen Produkt. Neugierig auf unsere Arbeitsweise? Nehmen Sie Kontakt mit uns auf!     <\/h2>\t\t<\/div>\n\t\t\t\t<\/div>\n\t\t\t\t\t<\/div>\n\t\t<\/div>\n\t\t\t\t\t<\/div>\n\t\t<\/section>\n\t\t\t\t<section class=\"elementor-section elementor-top-section elementor-element elementor-element-d89a782 elementor-section-full_width elementor-reverse-mobile elementor-section-height-default elementor-section-height-default\" data-id=\"d89a782\" data-element_type=\"section\">\n\t\t\t\t\t\t<div class=\"elementor-container elementor-column-gap-default\">\n\t\t\t\t\t<div class=\"elementor-column elementor-col-50 elementor-top-column elementor-element elementor-element-a84c491\" data-id=\"a84c491\" data-element_type=\"column\">\n\t\t\t<div class=\"elementor-widget-wrap elementor-element-populated\">\n\t\t\t\t\t\t<div class=\"elementor-element elementor-element-3c97cbd elementor-widget elementor-widget-heading\" data-id=\"3c97cbd\" data-element_type=\"widget\" data-widget_type=\"heading.default\">\n\t\t\t\t<div class=\"elementor-widget-container\">\n\t\t\t<h2 class=\"elementor-heading-title elementor-size-default\">Transparente Marktpreise mit individuellen Konzepten<\/h2>\t\t<\/div>\n\t\t\t\t<\/div>\n\t\t\t\t<div class=\"elementor-element elementor-element-379e7f4 elementor-widget elementor-widget-heading\" data-id=\"379e7f4\" data-element_type=\"widget\" data-widget_type=\"heading.default\">\n\t\t\t\t<div class=\"elementor-widget-container\">\n\t\t\t<h2 class=\"elementor-heading-title elementor-size-default\">Wir \u00fcberwachen die schwankenden Marktpreise kontinuierlich. Wir bieten ma\u00dfgeschneiderte L\u00f6sungen um langfristig einen wettbewerbsf\u00e4higen Preis f\u00fcr Ihre Materialien zu gew\u00e4hrleisten. Mit Links zu Indizes und gleitenden Skalen wie dem MFR-Index, dem BDSV-Index, De Tijd, L\u2019echo, usw. k\u00f6nnen wir Ihnen Sicherheit f\u00fcr die Zukunft bieten.  <\/h2>\t\t<\/div>\n\t\t\t\t<\/div>\n\t\t\t\t\t<\/div>\n\t\t<\/div>\n\t\t\t\t<div class=\"elementor-column elementor-col-50 elementor-top-column elementor-element elementor-element-5c9b57a\" data-id=\"5c9b57a\" data-element_type=\"column\">\n\t\t\t<div class=\"elementor-widget-wrap elementor-element-populated\">\n\t\t\t\t\t\t<div class=\"elementor-element elementor-element-7c107bf elementor-widget elementor-widget-image\" data-id=\"7c107bf\" data-element_type=\"widget\" data-widget_type=\"image.default\">\n\t\t\t\t<div class=\"elementor-widget-container\">\n\t\t\t\t\t\t\t\t\t\t\t\t\t<img decoding=\"async\" width=\"800\" height=\"534\" src=\"https:\/\/www.limburgrecycling.nl\/wp-content\/uploads\/2023\/06\/Limburg-Recycling-Over1-2880w.webp\" class=\"attachment-large size-large wp-image-510\" alt=\"\" srcset=\"https:\/\/www.limburgrecycling.nl\/wp-content\/uploads\/2023\/06\/Limburg-Recycling-Over1-2880w.webp 999w, https:\/\/www.limburgrecycling.nl\/wp-content\/uploads\/2023\/06\/Limburg-Recycling-Over1-2880w-300x200.webp 300w, https:\/\/www.limburgrecycling.nl\/wp-content\/uploads\/2023\/06\/Limburg-Recycling-Over1-2880w-768x513.webp 768w\" sizes=\"(max-width: 800px) 100vw, 800px\" \/>\t\t\t\t\t\t\t\t\t\t\t\t\t<\/div>\n\t\t\t\t<\/div>\n\t\t\t\t\t<\/div>\n\t\t<\/div>\n\t\t\t\t\t<\/div>\n\t\t<\/section>\n\t\t\t\t<section class=\"elementor-section elementor-top-section elementor-element elementor-element-9d795f6 elementor-section-full_width elementor-section-height-default elementor-section-height-default\" data-id=\"9d795f6\" data-element_type=\"section\">\n\t\t\t\t\t\t<div class=\"elementor-container elementor-column-gap-default\">\n\t\t\t\t\t<div class=\"elementor-column elementor-col-50 elementor-top-column elementor-element elementor-element-f2a8c02\" data-id=\"f2a8c02\" data-element_type=\"column\">\n\t\t\t<div class=\"elementor-widget-wrap elementor-element-populated\">\n\t\t\t\t\t\t<div class=\"elementor-element elementor-element-077c8d3 elementor-widget elementor-widget-image\" data-id=\"077c8d3\" data-element_type=\"widget\" data-widget_type=\"image.default\">\n\t\t\t\t<div class=\"elementor-widget-container\">\n\t\t\t\t\t\t\t\t\t\t\t\t\t<img decoding=\"async\" width=\"800\" height=\"536\" src=\"https:\/\/www.limburgrecycling.nl\/wp-content\/uploads\/2023\/06\/Limburg-Recycling-koperstaven-2880w-1024x686.webp\" class=\"attachment-large size-large wp-image-512\" alt=\"\" srcset=\"https:\/\/www.limburgrecycling.nl\/wp-content\/uploads\/2023\/06\/Limburg-Recycling-koperstaven-2880w-1024x686.webp 1024w, https:\/\/www.limburgrecycling.nl\/wp-content\/uploads\/2023\/06\/Limburg-Recycling-koperstaven-2880w-300x201.webp 300w, https:\/\/www.limburgrecycling.nl\/wp-content\/uploads\/2023\/06\/Limburg-Recycling-koperstaven-2880w-768x514.webp 768w, https:\/\/www.limburgrecycling.nl\/wp-content\/uploads\/2023\/06\/Limburg-Recycling-koperstaven-2880w.webp 1199w\" sizes=\"(max-width: 800px) 100vw, 800px\" \/>\t\t\t\t\t\t\t\t\t\t\t\t\t<\/div>\n\t\t\t\t<\/div>\n\t\t\t\t\t<\/div>\n\t\t<\/div>\n\t\t\t\t<div class=\"elementor-column elementor-col-50 elementor-top-column elementor-element elementor-element-46a0995\" data-id=\"46a0995\" data-element_type=\"column\">\n\t\t\t<div class=\"elementor-widget-wrap elementor-element-populated\">\n\t\t\t\t\t\t<div class=\"elementor-element elementor-element-8bfc4aa elementor-widget elementor-widget-heading\" data-id=\"8bfc4aa\" data-element_type=\"widget\" data-widget_type=\"heading.default\">\n\t\t\t\t<div class=\"elementor-widget-container\">\n\t\t\t<h2 class=\"elementor-heading-title elementor-size-default\">Langfristig investieren<\/h2>\t\t<\/div>\n\t\t\t\t<\/div>\n\t\t\t\t<div class=\"elementor-element elementor-element-6bc8af4 elementor-widget elementor-widget-heading\" data-id=\"6bc8af4\" data-element_type=\"widget\" data-widget_type=\"heading.default\">\n\t\t\t\t<div class=\"elementor-widget-container\">\n\t\t\t<h2 class=\"elementor-heading-title elementor-size-default\">Wir nehmen uns gerne Zeit f\u00fcr unsere Beziehungen. Mit einem Team erfahrener Profis bearbeiten wir die unterschiedlichsten Anfragen und Aufgaben. Wir streben eine strategische- und langfristige Zusammenarbeit an.  <\/h2>\t\t<\/div>\n\t\t\t\t<\/div>\n\t\t\t\t\t<\/div>\n\t\t<\/div>\n\t\t\t\t\t<\/div>\n\t\t<\/section>\n\t\t\t\t<\/div>\n\t\t","protected":false},"excerpt":{"rendered":"<p>\u00dcber uns Alter Eisenhandel Limburg Ihr solider Partner im Volumenhandel von Sekund\u00e4rrohstoffen und Nebenprodukten Als unabh\u00e4ngiges Unternehmen ist Limburg Recycling gerne Ihr solider Partner im Volumenhandel von Sekund\u00e4rrohstoffen und Nebenprodukten f\u00fcr haupts\u00e4chlich Stahlfabriken, Gie\u00dfereien, Schmelzereien, Raffinerien und verwandte Endverarbeitungsindustrien. Mit Sitz in Helden (in der N\u00e4he von Venlo), zentral gelegen f\u00fcr Beziehungen in Deutschland, den [&hellip;]<\/p>\n","protected":false},"author":1,"featured_media":0,"parent":0,"menu_order":0,"comment_status":"closed","ping_status":"closed","template":"elementor_header_footer","meta":{"footnotes":""},"class_list":["post-635","page","type-page","status-publish","hentry"],"_links":{"self":[{"href":"https:\/\/www.limburgrecycling.nl\/de\/wp-json\/wp\/v2\/pages\/635","targetHints":{"allow":["GET"]}}],"collection":[{"href":"https:\/\/www.limburgrecycling.nl\/de\/wp-json\/wp\/v2\/pages"}],"about":[{"href":"https:\/\/www.limburgrecycling.nl\/de\/wp-json\/wp\/v2\/types\/page"}],"author":[{"embeddable":true,"href":"https:\/\/www.limburgrecycling.nl\/de\/wp-json\/wp\/v2\/users\/1"}],"replies":[{"embeddable":true,"href":"https:\/\/www.limburgrecycling.nl\/de\/wp-json\/wp\/v2\/comments?post=635"}],"version-history":[{"count":0,"href":"https:\/\/www.limburgrecycling.nl\/de\/wp-json\/wp\/v2\/pages\/635\/revisions"}],"wp:attachment":[{"href":"https:\/\/www.limburgrecycling.nl\/de\/wp-json\/wp\/v2\/media?parent=635"}],"curies":[{"name":"wp","href":"https:\/\/api.w.org\/{rel}","templated":true}]}}