{"id":613,"date":"2023-06-21T07:37:03","date_gmt":"2023-06-21T07:37:03","guid":{"rendered":"https:\/\/www.limburgrecycling.testbanana.nl\/home\/"},"modified":"2023-06-21T12:31:16","modified_gmt":"2023-06-21T12:31:16","slug":"home","status":"publish","type":"page","link":"https:\/\/www.limburgrecycling.nl\/de\/","title":{"rendered":"Home"},"content":{"rendered":"\t\t<div data-elementor-type=\"wp-page\" data-elementor-id=\"613\" class=\"elementor elementor-613 elementor-6\" data-elementor-post-type=\"page\">\n\t\t\t\t\t\t<section class=\"elementor-section elementor-top-section elementor-element elementor-element-e767f57 elementor-section-height-min-height elementor-section-boxed elementor-section-height-default elementor-section-items-middle\" data-id=\"e767f57\" data-element_type=\"section\" data-settings=\"{&quot;background_background&quot;:&quot;classic&quot;}\">\n\t\t\t\t\t\t\t<div class=\"elementor-background-overlay\"><\/div>\n\t\t\t\t\t\t\t<div class=\"elementor-container elementor-column-gap-default\">\n\t\t\t\t\t<div class=\"elementor-column elementor-col-100 elementor-top-column elementor-element elementor-element-2500d8e elementor-invisible\" data-id=\"2500d8e\" data-element_type=\"column\" data-settings=\"{&quot;animation&quot;:&quot;fadeInLeft&quot;}\">\n\t\t\t<div class=\"elementor-widget-wrap elementor-element-populated\">\n\t\t\t\t\t\t<div class=\"elementor-element elementor-element-eb945d7 elementor-widget elementor-widget-image\" data-id=\"eb945d7\" data-element_type=\"widget\" data-widget_type=\"image.default\">\n\t\t\t\t<div class=\"elementor-widget-container\">\n\t\t\t\t\t\t\t\t\t\t\t\t\t<img fetchpriority=\"high\" decoding=\"async\" width=\"800\" height=\"328\" src=\"https:\/\/www.limburgrecycling.nl\/wp-content\/uploads\/2023\/06\/Logo-wit-810w.webp\" class=\"attachment-large size-large wp-image-696\" alt=\"\" srcset=\"https:\/\/www.limburgrecycling.nl\/wp-content\/uploads\/2023\/06\/Logo-wit-810w.webp 810w, https:\/\/www.limburgrecycling.nl\/wp-content\/uploads\/2023\/06\/Logo-wit-810w-300x123.webp 300w, https:\/\/www.limburgrecycling.nl\/wp-content\/uploads\/2023\/06\/Logo-wit-810w-768x315.webp 768w\" sizes=\"(max-width: 800px) 100vw, 800px\" \/>\t\t\t\t\t\t\t\t\t\t\t\t\t<\/div>\n\t\t\t\t<\/div>\n\t\t\t\t\t<\/div>\n\t\t<\/div>\n\t\t\t\t\t<\/div>\n\t\t<\/section>\n\t\t\t\t<section class=\"elementor-section elementor-top-section elementor-element elementor-element-e0524a0 elementor-section-boxed elementor-section-height-default elementor-section-height-default\" data-id=\"e0524a0\" data-element_type=\"section\">\n\t\t\t\t\t\t<div class=\"elementor-container elementor-column-gap-default\">\n\t\t\t\t\t<div class=\"elementor-column elementor-col-100 elementor-top-column elementor-element elementor-element-c89913d\" data-id=\"c89913d\" data-element_type=\"column\">\n\t\t\t<div class=\"elementor-widget-wrap elementor-element-populated\">\n\t\t\t\t\t\t<section class=\"elementor-section elementor-inner-section elementor-element elementor-element-30a490f elementor-section-full_width elementor-section-height-default elementor-section-height-default\" data-id=\"30a490f\" data-element_type=\"section\">\n\t\t\t\t\t\t<div class=\"elementor-container elementor-column-gap-default\">\n\t\t\t\t\t<div class=\"elementor-column elementor-col-33 elementor-inner-column elementor-element elementor-element-f7566ba\" data-id=\"f7566ba\" data-element_type=\"column\">\n\t\t\t<div class=\"elementor-widget-wrap elementor-element-populated\">\n\t\t\t\t\t\t<div class=\"elementor-element elementor-element-101cbc8 elementor-widget elementor-widget-heading\" data-id=\"101cbc8\" data-element_type=\"widget\" data-widget_type=\"heading.default\">\n\t\t\t\t<div class=\"elementor-widget-container\">\n\t\t\t<h2 class=\"elementor-heading-title elementor-size-default\">Ihr professioneller Partner f\u00fcr eine langfristige Zusammenarbeit<\/h2>\t\t<\/div>\n\t\t\t\t<\/div>\n\t\t\t\t\t<\/div>\n\t\t<\/div>\n\t\t\t\t<div class=\"elementor-column elementor-col-33 elementor-inner-column elementor-element elementor-element-f8631d8\" data-id=\"f8631d8\" data-element_type=\"column\">\n\t\t\t<div class=\"elementor-widget-wrap elementor-element-populated\">\n\t\t\t\t\t\t<div class=\"elementor-element elementor-element-430bdea elementor-widget elementor-widget-heading\" data-id=\"430bdea\" data-element_type=\"widget\" data-widget_type=\"heading.default\">\n\t\t\t\t<div class=\"elementor-widget-container\">\n\t\t\t<h2 class=\"elementor-heading-title elementor-size-default\">Mit gro\u00dfer Leidenschaft besch\u00e4ftigen wir uns bei Limburg Recycling mit dem Volumenhandel von Sekund\u00e4rrohstoffen und Nebenprodukten f\u00fcr Stahlfabriken, Gie\u00dfereien, Raffinerien und verwandte Endverarbeitungsindustrien.<\/h2>\t\t<\/div>\n\t\t\t\t<\/div>\n\t\t\t\t\t<\/div>\n\t\t<\/div>\n\t\t\t\t<div class=\"elementor-column elementor-col-33 elementor-inner-column elementor-element elementor-element-69f1a4d\" data-id=\"69f1a4d\" data-element_type=\"column\">\n\t\t\t<div class=\"elementor-widget-wrap elementor-element-populated\">\n\t\t\t\t\t\t<div class=\"elementor-element elementor-element-373e4b2 elementor-widget elementor-widget-heading\" data-id=\"373e4b2\" data-element_type=\"widget\" data-widget_type=\"heading.default\">\n\t\t\t\t<div class=\"elementor-widget-container\">\n\t\t\t<h2 class=\"elementor-heading-title elementor-size-default\">Mit \u00fcber 25 Jahren Erfahrung im Handel mit Eisenmetallen und Nichteisenmetallen sind wir Ihnen gerne behilflich!<\/h2>\t\t<\/div>\n\t\t\t\t<\/div>\n\t\t\t\t\t<\/div>\n\t\t<\/div>\n\t\t\t\t\t<\/div>\n\t\t<\/section>\n\t\t\t\t<div class=\"elementor-element elementor-element-5beb712 elementor-hidden-desktop elementor-hidden-tablet elementor-widget elementor-widget-image\" data-id=\"5beb712\" data-element_type=\"widget\" data-widget_type=\"image.default\">\n\t\t\t\t<div class=\"elementor-widget-container\">\n\t\t\t\t\t\t\t\t\t\t\t\t\t<img decoding=\"async\" width=\"640\" height=\"427\" src=\"https:\/\/www.limburgrecycling.nl\/wp-content\/uploads\/2023\/06\/Limburg-Recycling-stort-vrachtwagen-640w.webp\" class=\"attachment-large size-large wp-image-590\" alt=\"\" srcset=\"https:\/\/www.limburgrecycling.nl\/wp-content\/uploads\/2023\/06\/Limburg-Recycling-stort-vrachtwagen-640w.webp 640w, https:\/\/www.limburgrecycling.nl\/wp-content\/uploads\/2023\/06\/Limburg-Recycling-stort-vrachtwagen-640w-300x200.webp 300w\" sizes=\"(max-width: 640px) 100vw, 640px\" \/>\t\t\t\t\t\t\t\t\t\t\t\t\t<\/div>\n\t\t\t\t<\/div>\n\t\t\t\t<section class=\"elementor-section elementor-inner-section elementor-element elementor-element-efdb85f elementor-section-full_width elementor-section-height-default elementor-section-height-default\" data-id=\"efdb85f\" data-element_type=\"section\">\n\t\t\t\t\t\t<div class=\"elementor-container elementor-column-gap-default\">\n\t\t\t\t\t<div class=\"elementor-column elementor-col-33 elementor-inner-column elementor-element elementor-element-1e12503\" data-id=\"1e12503\" data-element_type=\"column\">\n\t\t\t<div class=\"elementor-widget-wrap elementor-element-populated\">\n\t\t\t\t\t\t<div class=\"elementor-element elementor-element-03fdba4 elementor-widget__width-auto animated-slow elementor-invisible elementor-widget elementor-widget-image\" data-id=\"03fdba4\" data-element_type=\"widget\" data-settings=\"{&quot;_animation&quot;:&quot;zoomIn&quot;}\" data-widget_type=\"image.default\">\n\t\t\t\t<div class=\"elementor-widget-container\">\n\t\t\t\t\t\t\t\t\t\t\t\t\t<img decoding=\"async\" width=\"512\" height=\"512\" src=\"https:\/\/www.limburgrecycling.nl\/wp-content\/uploads\/2023\/06\/gear.png\" class=\"attachment-large size-large wp-image-574\" alt=\"\" srcset=\"https:\/\/www.limburgrecycling.nl\/wp-content\/uploads\/2023\/06\/gear.png 512w, https:\/\/www.limburgrecycling.nl\/wp-content\/uploads\/2023\/06\/gear-300x300.png 300w, https:\/\/www.limburgrecycling.nl\/wp-content\/uploads\/2023\/06\/gear-150x150.png 150w\" sizes=\"(max-width: 512px) 100vw, 512px\" \/>\t\t\t\t\t\t\t\t\t\t\t\t\t<\/div>\n\t\t\t\t<\/div>\n\t\t\t\t<div class=\"elementor-element elementor-element-dee97c6 elementor-widget elementor-widget-heading\" data-id=\"dee97c6\" data-element_type=\"widget\" data-widget_type=\"heading.default\">\n\t\t\t\t<div class=\"elementor-widget-container\">\n\t\t\t<h2 class=\"elementor-heading-title elementor-size-default\">Know-how<\/h2>\t\t<\/div>\n\t\t\t\t<\/div>\n\t\t\t\t<div class=\"elementor-element elementor-element-349fd62 elementor-widget elementor-widget-heading\" data-id=\"349fd62\" data-element_type=\"widget\" data-widget_type=\"heading.default\">\n\t\t\t\t<div class=\"elementor-widget-container\">\n\t\t\t<h2 class=\"elementor-heading-title elementor-size-default\">Mit \u00fcber 25 Jahren Erfahrung in der Recyclingindustrie k\u00f6nnen wir zu Recht von Know-how sprechen.<\/h2>\t\t<\/div>\n\t\t\t\t<\/div>\n\t\t\t\t\t<\/div>\n\t\t<\/div>\n\t\t\t\t<div class=\"elementor-column elementor-col-33 elementor-inner-column elementor-element elementor-element-a6846aa\" data-id=\"a6846aa\" data-element_type=\"column\">\n\t\t\t<div class=\"elementor-widget-wrap elementor-element-populated\">\n\t\t\t\t\t\t<div class=\"elementor-element elementor-element-742184b elementor-widget__width-auto animated-slow elementor-invisible elementor-widget elementor-widget-image\" data-id=\"742184b\" data-element_type=\"widget\" data-settings=\"{&quot;_animation&quot;:&quot;zoomIn&quot;}\" data-widget_type=\"image.default\">\n\t\t\t\t<div class=\"elementor-widget-container\">\n\t\t\t\t\t\t\t\t\t\t\t\t\t<img loading=\"lazy\" decoding=\"async\" width=\"512\" height=\"512\" src=\"https:\/\/www.limburgrecycling.nl\/wp-content\/uploads\/2023\/06\/mark.png\" class=\"attachment-large size-large wp-image-576\" alt=\"\" srcset=\"https:\/\/www.limburgrecycling.nl\/wp-content\/uploads\/2023\/06\/mark.png 512w, https:\/\/www.limburgrecycling.nl\/wp-content\/uploads\/2023\/06\/mark-300x300.png 300w, https:\/\/www.limburgrecycling.nl\/wp-content\/uploads\/2023\/06\/mark-150x150.png 150w\" sizes=\"(max-width: 512px) 100vw, 512px\" \/>\t\t\t\t\t\t\t\t\t\t\t\t\t<\/div>\n\t\t\t\t<\/div>\n\t\t\t\t<div class=\"elementor-element elementor-element-3cefdbc elementor-widget elementor-widget-heading\" data-id=\"3cefdbc\" data-element_type=\"widget\" data-widget_type=\"heading.default\">\n\t\t\t\t<div class=\"elementor-widget-container\">\n\t\t\t<h2 class=\"elementor-heading-title elementor-size-default\">Transparente Arbeitsweise<\/h2>\t\t<\/div>\n\t\t\t\t<\/div>\n\t\t\t\t<div class=\"elementor-element elementor-element-ea3fa2a elementor-widget elementor-widget-heading\" data-id=\"ea3fa2a\" data-element_type=\"widget\" data-widget_type=\"heading.default\">\n\t\t\t\t<div class=\"elementor-widget-container\">\n\t\t\t<h2 class=\"elementor-heading-title elementor-size-default\">Wir streben so viel wie m\u00f6glich nach Transparenz von Herkunft und Endziel.<\/h2>\t\t<\/div>\n\t\t\t\t<\/div>\n\t\t\t\t\t<\/div>\n\t\t<\/div>\n\t\t\t\t<div class=\"elementor-column elementor-col-33 elementor-inner-column elementor-element elementor-element-16df755\" data-id=\"16df755\" data-element_type=\"column\">\n\t\t\t<div class=\"elementor-widget-wrap elementor-element-populated\">\n\t\t\t\t\t\t<div class=\"elementor-element elementor-element-ae276a0 elementor-widget__width-auto animated-slow elementor-invisible elementor-widget elementor-widget-image\" data-id=\"ae276a0\" data-element_type=\"widget\" data-settings=\"{&quot;_animation&quot;:&quot;zoomIn&quot;}\" data-widget_type=\"image.default\">\n\t\t\t\t<div class=\"elementor-widget-container\">\n\t\t\t\t\t\t\t\t\t\t\t\t\t<img loading=\"lazy\" decoding=\"async\" width=\"512\" height=\"512\" src=\"https:\/\/www.limburgrecycling.nl\/wp-content\/uploads\/2023\/06\/high-five-1.png\" class=\"attachment-large size-large wp-image-580\" alt=\"\" srcset=\"https:\/\/www.limburgrecycling.nl\/wp-content\/uploads\/2023\/06\/high-five-1.png 512w, https:\/\/www.limburgrecycling.nl\/wp-content\/uploads\/2023\/06\/high-five-1-300x300.png 300w, https:\/\/www.limburgrecycling.nl\/wp-content\/uploads\/2023\/06\/high-five-1-150x150.png 150w\" sizes=\"(max-width: 512px) 100vw, 512px\" \/>\t\t\t\t\t\t\t\t\t\t\t\t\t<\/div>\n\t\t\t\t<\/div>\n\t\t\t\t<div class=\"elementor-element elementor-element-a37fb02 elementor-widget elementor-widget-heading\" data-id=\"a37fb02\" data-element_type=\"widget\" data-widget_type=\"heading.default\">\n\t\t\t\t<div class=\"elementor-widget-container\">\n\t\t\t<h2 class=\"elementor-heading-title elementor-size-default\">Gegenseitiges Vertrauen<\/h2>\t\t<\/div>\n\t\t\t\t<\/div>\n\t\t\t\t<div class=\"elementor-element elementor-element-075543e elementor-widget elementor-widget-heading\" data-id=\"075543e\" data-element_type=\"widget\" data-widget_type=\"heading.default\">\n\t\t\t\t<div class=\"elementor-widget-container\">\n\t\t\t<h2 class=\"elementor-heading-title elementor-size-default\">Ein starkes und dauerhaftes Vertrauensverh\u00e4ltnis zu Lieferanten und Kunden ist f\u00fcr uns ein Leitprinzip.<\/h2>\t\t<\/div>\n\t\t\t\t<\/div>\n\t\t\t\t\t<\/div>\n\t\t<\/div>\n\t\t\t\t\t<\/div>\n\t\t<\/section>\n\t\t\t\t<section class=\"elementor-section elementor-inner-section elementor-element elementor-element-3c0bf3a elementor-section-full_width elementor-section-height-default elementor-section-height-default\" data-id=\"3c0bf3a\" data-element_type=\"section\">\n\t\t\t\t\t\t<div class=\"elementor-container elementor-column-gap-default\">\n\t\t\t\t\t<div class=\"elementor-column elementor-col-33 elementor-inner-column elementor-element elementor-element-d11b900\" data-id=\"d11b900\" data-element_type=\"column\">\n\t\t\t<div class=\"elementor-widget-wrap elementor-element-populated\">\n\t\t\t\t\t\t<div class=\"elementor-element elementor-element-d90f2bd elementor-widget__width-auto animated-slow elementor-invisible elementor-widget elementor-widget-image\" data-id=\"d90f2bd\" data-element_type=\"widget\" data-settings=\"{&quot;_animation&quot;:&quot;zoomIn&quot;}\" data-widget_type=\"image.default\">\n\t\t\t\t<div class=\"elementor-widget-container\">\n\t\t\t\t\t\t\t\t\t\t\t\t\t<img loading=\"lazy\" decoding=\"async\" width=\"512\" height=\"512\" src=\"https:\/\/www.limburgrecycling.nl\/wp-content\/uploads\/2023\/06\/wallet.png\" class=\"attachment-large size-large wp-image-584\" alt=\"\" srcset=\"https:\/\/www.limburgrecycling.nl\/wp-content\/uploads\/2023\/06\/wallet.png 512w, https:\/\/www.limburgrecycling.nl\/wp-content\/uploads\/2023\/06\/wallet-300x300.png 300w, https:\/\/www.limburgrecycling.nl\/wp-content\/uploads\/2023\/06\/wallet-150x150.png 150w\" sizes=\"(max-width: 512px) 100vw, 512px\" \/>\t\t\t\t\t\t\t\t\t\t\t\t\t<\/div>\n\t\t\t\t<\/div>\n\t\t\t\t<div class=\"elementor-element elementor-element-72e777c elementor-widget elementor-widget-heading\" data-id=\"72e777c\" data-element_type=\"widget\" data-widget_type=\"heading.default\">\n\t\t\t\t<div class=\"elementor-widget-container\">\n\t\t\t<h2 class=\"elementor-heading-title elementor-size-default\">Korrekte Abwicklung<\/h2>\t\t<\/div>\n\t\t\t\t<\/div>\n\t\t\t\t<div class=\"elementor-element elementor-element-e23f49a elementor-widget elementor-widget-heading\" data-id=\"e23f49a\" data-element_type=\"widget\" data-widget_type=\"heading.default\">\n\t\t\t\t<div class=\"elementor-widget-container\">\n\t\t\t<h2 class=\"elementor-heading-title elementor-size-default\">Wir arbeiten nach genauer Planung, korrekter Rechnungsstellung und schneller Zahlung!<\/h2>\t\t<\/div>\n\t\t\t\t<\/div>\n\t\t\t\t\t<\/div>\n\t\t<\/div>\n\t\t\t\t<div class=\"elementor-column elementor-col-33 elementor-inner-column elementor-element elementor-element-6031dbe\" data-id=\"6031dbe\" data-element_type=\"column\">\n\t\t\t<div class=\"elementor-widget-wrap elementor-element-populated\">\n\t\t\t\t\t\t<div class=\"elementor-element elementor-element-8e16aee elementor-widget__width-auto animated-slow elementor-invisible elementor-widget elementor-widget-image\" data-id=\"8e16aee\" data-element_type=\"widget\" data-settings=\"{&quot;_animation&quot;:&quot;zoomIn&quot;}\" data-widget_type=\"image.default\">\n\t\t\t\t<div class=\"elementor-widget-container\">\n\t\t\t\t\t\t\t\t\t\t\t\t\t<img loading=\"lazy\" decoding=\"async\" width=\"512\" height=\"512\" src=\"https:\/\/www.limburgrecycling.nl\/wp-content\/uploads\/2023\/06\/recycle.png\" class=\"attachment-large size-large wp-image-586\" alt=\"\" srcset=\"https:\/\/www.limburgrecycling.nl\/wp-content\/uploads\/2023\/06\/recycle.png 512w, https:\/\/www.limburgrecycling.nl\/wp-content\/uploads\/2023\/06\/recycle-300x300.png 300w, https:\/\/www.limburgrecycling.nl\/wp-content\/uploads\/2023\/06\/recycle-150x150.png 150w\" sizes=\"(max-width: 512px) 100vw, 512px\" \/>\t\t\t\t\t\t\t\t\t\t\t\t\t<\/div>\n\t\t\t\t<\/div>\n\t\t\t\t<div class=\"elementor-element elementor-element-188d7f9 elementor-widget elementor-widget-heading\" data-id=\"188d7f9\" data-element_type=\"widget\" data-widget_type=\"heading.default\">\n\t\t\t\t<div class=\"elementor-widget-container\">\n\t\t\t<h2 class=\"elementor-heading-title elementor-size-default\">Nachhaltige L\u00f6sungen<\/h2>\t\t<\/div>\n\t\t\t\t<\/div>\n\t\t\t\t<div class=\"elementor-element elementor-element-6417839 elementor-widget elementor-widget-heading\" data-id=\"6417839\" data-element_type=\"widget\" data-widget_type=\"heading.default\">\n\t\t\t\t<div class=\"elementor-widget-container\">\n\t\t\t<h2 class=\"elementor-heading-title elementor-size-default\">Sekund\u00e4rrohstoffe platzieren wir hoch in der Rohstoffkette. Dies erfordert Kenntnisse der Metallurgie.<\/h2>\t\t<\/div>\n\t\t\t\t<\/div>\n\t\t\t\t\t<\/div>\n\t\t<\/div>\n\t\t\t\t<div class=\"elementor-column elementor-col-33 elementor-inner-column elementor-element elementor-element-eb34412\" data-id=\"eb34412\" data-element_type=\"column\">\n\t\t\t<div class=\"elementor-widget-wrap elementor-element-populated\">\n\t\t\t\t\t\t<div class=\"elementor-element elementor-element-a4d74ee elementor-widget__width-auto animated-slow elementor-invisible elementor-widget elementor-widget-image\" data-id=\"a4d74ee\" data-element_type=\"widget\" data-settings=\"{&quot;_animation&quot;:&quot;zoomIn&quot;}\" data-widget_type=\"image.default\">\n\t\t\t\t<div class=\"elementor-widget-container\">\n\t\t\t\t\t\t\t\t\t\t\t\t\t<img loading=\"lazy\" decoding=\"async\" width=\"512\" height=\"512\" src=\"https:\/\/www.limburgrecycling.nl\/wp-content\/uploads\/2023\/06\/phone.png\" class=\"attachment-large size-large wp-image-588\" alt=\"\" srcset=\"https:\/\/www.limburgrecycling.nl\/wp-content\/uploads\/2023\/06\/phone.png 512w, https:\/\/www.limburgrecycling.nl\/wp-content\/uploads\/2023\/06\/phone-300x300.png 300w, https:\/\/www.limburgrecycling.nl\/wp-content\/uploads\/2023\/06\/phone-150x150.png 150w\" sizes=\"(max-width: 512px) 100vw, 512px\" \/>\t\t\t\t\t\t\t\t\t\t\t\t\t<\/div>\n\t\t\t\t<\/div>\n\t\t\t\t<div class=\"elementor-element elementor-element-bdf6a48 elementor-widget elementor-widget-heading\" data-id=\"bdf6a48\" data-element_type=\"widget\" data-widget_type=\"heading.default\">\n\t\t\t\t<div class=\"elementor-widget-container\">\n\t\t\t<h2 class=\"elementor-heading-title elementor-size-default\">Neugierig auf mehr?<\/h2>\t\t<\/div>\n\t\t\t\t<\/div>\n\t\t\t\t<div class=\"elementor-element elementor-element-6636119 elementor-widget elementor-widget-heading\" data-id=\"6636119\" data-element_type=\"widget\" data-widget_type=\"heading.default\">\n\t\t\t\t<div class=\"elementor-widget-container\">\n\t\t\t<h2 class=\"elementor-heading-title elementor-size-default\">Nehmen Sie Kontakt mit uns auf f\u00fcr eine unverbindliche Beratung, wir erz\u00e4hlen Ihnen gerne mehr!<\/h2>\t\t<\/div>\n\t\t\t\t<\/div>\n\t\t\t\t\t<\/div>\n\t\t<\/div>\n\t\t\t\t\t<\/div>\n\t\t<\/section>\n\t\t\t\t\t<\/div>\n\t\t<\/div>\n\t\t\t\t\t<\/div>\n\t\t<\/section>\n\t\t\t\t<\/div>\n\t\t","protected":false},"excerpt":{"rendered":"<p>Ihr professioneller Partner f\u00fcr eine langfristige Zusammenarbeit Mit gro\u00dfer Leidenschaft besch\u00e4ftigen wir uns bei Limburg Recycling mit dem Volumenhandel von Sekund\u00e4rrohstoffen und Nebenprodukten f\u00fcr Stahlfabriken, Gie\u00dfereien, Raffinerien und verwandte Endverarbeitungsindustrien. Mit \u00fcber 25 Jahren Erfahrung im Handel mit Eisenmetallen und Nichteisenmetallen sind wir Ihnen gerne behilflich! Know-how Mit \u00fcber 25 Jahren Erfahrung in der Recyclingindustrie [&hellip;]<\/p>\n","protected":false},"author":1,"featured_media":0,"parent":0,"menu_order":0,"comment_status":"closed","ping_status":"closed","template":"elementor_header_footer","meta":{"footnotes":""},"class_list":["post-613","page","type-page","status-publish","hentry"],"_links":{"self":[{"href":"https:\/\/www.limburgrecycling.nl\/de\/wp-json\/wp\/v2\/pages\/613","targetHints":{"allow":["GET"]}}],"collection":[{"href":"https:\/\/www.limburgrecycling.nl\/de\/wp-json\/wp\/v2\/pages"}],"about":[{"href":"https:\/\/www.limburgrecycling.nl\/de\/wp-json\/wp\/v2\/types\/page"}],"author":[{"embeddable":true,"href":"https:\/\/www.limburgrecycling.nl\/de\/wp-json\/wp\/v2\/users\/1"}],"replies":[{"embeddable":true,"href":"https:\/\/www.limburgrecycling.nl\/de\/wp-json\/wp\/v2\/comments?post=613"}],"version-history":[{"count":0,"href":"https:\/\/www.limburgrecycling.nl\/de\/wp-json\/wp\/v2\/pages\/613\/revisions"}],"wp:attachment":[{"href":"https:\/\/www.limburgrecycling.nl\/de\/wp-json\/wp\/v2\/media?parent=613"}],"curies":[{"name":"wp","href":"https:\/\/api.w.org\/{rel}","templated":true}]}}