{"id":2018,"date":"2024-07-29T08:02:42","date_gmt":"2024-07-29T08:02:42","guid":{"rendered":"https:\/\/www.limburgrecycling.nl\/erklaerung-zum-datenschutz\/"},"modified":"2024-07-29T08:02:43","modified_gmt":"2024-07-29T08:02:43","slug":"erklaerung-zum-datenschutz","status":"publish","type":"page","link":"https:\/\/www.limburgrecycling.nl\/de\/erklaerung-zum-datenschutz\/","title":{"rendered":"Erkl\u00e4rung zum Datenschutz"},"content":{"rendered":"\t\t<div data-elementor-type=\"wp-page\" data-elementor-id=\"2018\" class=\"elementor elementor-2018 elementor-595\" data-elementor-post-type=\"page\">\n\t\t\t\t\t\t<section class=\"elementor-section elementor-top-section elementor-element elementor-element-83421c9 elementor-section-boxed elementor-section-height-default elementor-section-height-default\" data-id=\"83421c9\" data-element_type=\"section\">\n\t\t\t\t\t\t<div class=\"elementor-container elementor-column-gap-default\">\n\t\t\t\t\t<div class=\"elementor-column elementor-col-100 elementor-top-column elementor-element elementor-element-5552098\" data-id=\"5552098\" data-element_type=\"column\">\n\t\t\t<div class=\"elementor-widget-wrap elementor-element-populated\">\n\t\t\t\t\t\t<div class=\"elementor-element elementor-element-e978721 elementor-widget elementor-widget-heading\" data-id=\"e978721\" data-element_type=\"widget\" data-widget_type=\"heading.default\">\n\t\t\t\t<div class=\"elementor-widget-container\">\n\t\t\t<h2 class=\"elementor-heading-title elementor-size-default\">DATENSCHUTZERKL\u00c4RUNG LIMBURG RECYCLING B.V.<\/h2>\t\t<\/div>\n\t\t\t\t<\/div>\n\t\t\t\t<div class=\"elementor-element elementor-element-198a423 elementor-widget elementor-widget-text-editor\" data-id=\"198a423\" data-element_type=\"widget\" data-widget_type=\"text-editor.default\">\n\t\t\t\t<div class=\"elementor-widget-container\">\n\t\t\t\t\t\t\t<p>Limburg Recycling B.V., Kaupmanshof 2, ist verantwortlich f\u00fcr die Verarbeitung personenbezogener Daten, wie in dieser Datenschutzerkl\u00e4rung beschrieben.  <\/p>\n\t\t\t\t\t\t<\/div>\n\t\t\t\t<\/div>\n\t\t\t\t<div class=\"elementor-element elementor-element-bc07810 elementor-widget elementor-widget-heading\" data-id=\"bc07810\" data-element_type=\"widget\" data-widget_type=\"heading.default\">\n\t\t\t\t<div class=\"elementor-widget-container\">\n\t\t\t<h2 class=\"elementor-heading-title elementor-size-default\">Kontaktangaben<\/h2>\t\t<\/div>\n\t\t\t\t<\/div>\n\t\t\t\t<div class=\"elementor-element elementor-element-44f8b95 elementor-widget elementor-widget-text-editor\" data-id=\"44f8b95\" data-element_type=\"widget\" data-widget_type=\"text-editor.default\">\n\t\t\t\t<div class=\"elementor-widget-container\">\n\t\t\t\t\t\t\t<div>Kaupmanshof 2, 5993 NA Maasbree, 0031-772083171<\/div>\n<div>D. Bekkema ist der Datenschutzbeauftragte von Limburg Recycling B.V. Sie k\u00f6nnen ihn unter backoffice@limburgrecycling.nl erreichen.<\/div>\n\t\t\t\t\t\t<\/div>\n\t\t\t\t<\/div>\n\t\t\t\t<div class=\"elementor-element elementor-element-c7510e0 elementor-widget elementor-widget-heading\" data-id=\"c7510e0\" data-element_type=\"widget\" data-widget_type=\"heading.default\">\n\t\t\t\t<div class=\"elementor-widget-container\">\n\t\t\t<h2 class=\"elementor-heading-title elementor-size-default\">Pers\u00f6nliche Daten, die wir verarbeiten<\/h2>\t\t<\/div>\n\t\t\t\t<\/div>\n\t\t\t\t<div class=\"elementor-element elementor-element-9a7d489 elementor-widget elementor-widget-text-editor\" data-id=\"9a7d489\" data-element_type=\"widget\" data-widget_type=\"text-editor.default\">\n\t\t\t\t<div class=\"elementor-widget-container\">\n\t\t\t\t\t\t\t<div>Limburg Recycling B.V. verarbeitet Ihre personenbezogenen Daten, weil Sie unsere Dienstleistungen in Anspruch nehmen und\/oder weil Sie sie uns selbst zur Verf\u00fcgung stellen.<br \/>\nNachstehend finden Sie eine \u00dcbersicht \u00fcber die personenbezogenen Daten, die wir verarbeiten: <\/div>\n<div>&#8211; Vorname und Nachname<\/div>\n<div>&#8211; Rufnummer<\/div>\n<div>&#8211; E-Mail Adresse<\/div>\n<div>&#8211; Andere pers\u00f6nliche Daten, die Sie uns aktiv zur Verf\u00fcgung stellen, z.B. durch die Erstellung eines Profils auf dieser Website, in der Korrespondenz und per Telefon<\/div>\n\t\t\t\t\t\t<\/div>\n\t\t\t\t<\/div>\n\t\t\t\t<div class=\"elementor-element elementor-element-97f1090 elementor-widget elementor-widget-heading\" data-id=\"97f1090\" data-element_type=\"widget\" data-widget_type=\"heading.default\">\n\t\t\t\t<div class=\"elementor-widget-container\">\n\t\t\t<h2 class=\"elementor-heading-title elementor-size-default\">Besondere und\/oder sensible pers\u00f6nliche Daten, die wir verarbeiten<\/h2>\t\t<\/div>\n\t\t\t\t<\/div>\n\t\t\t\t<div class=\"elementor-element elementor-element-c7d1b8f elementor-widget elementor-widget-text-editor\" data-id=\"c7d1b8f\" data-element_type=\"widget\" data-widget_type=\"text-editor.default\">\n\t\t\t\t<div class=\"elementor-widget-container\">\n\t\t\t\t\t\t\t<p>Unsere Website und\/oder unser Service beabsichtigt nicht, Daten von Website-Besuchern zu sammeln, die unter 16 Jahre alt sind.<br \/>\nEs sei denn, sie haben die Zustimmung ihrer Eltern oder Erziehungsberechtigten.<br \/>\nWir k\u00f6nnen jedoch nicht \u00fcberpr\u00fcfen, ob ein Besucher \u00e4lter als 16 Jahre ist.<br \/>\nWir raten Eltern daher, sich mit den Online-Aktivit\u00e4ten ihrer Kinder zu befassen, um zu vermeiden, dass Daten von Kindern ohne elterliche Zustimmung erfasst werden.<br \/>\nWenn Sie davon \u00fcberzeugt sind, dass wir personenbezogene Daten \u00fcber einen Minderj\u00e4hrigen ohne eine solche Zustimmung gesammelt haben, kontaktieren Sie uns bitte unter backoffice@limburgrecycling.nl und wir werden diese Informationen l\u00f6schen.    <\/p>\n\t\t\t\t\t\t<\/div>\n\t\t\t\t<\/div>\n\t\t\t\t<div class=\"elementor-element elementor-element-9bfbe67 elementor-widget elementor-widget-heading\" data-id=\"9bfbe67\" data-element_type=\"widget\" data-widget_type=\"heading.default\">\n\t\t\t\t<div class=\"elementor-widget-container\">\n\t\t\t<h2 class=\"elementor-heading-title elementor-size-default\">Zu welchem Zweck und auf welcher Grundlage wir personenbezogene Daten verarbeiten<\/h2>\t\t<\/div>\n\t\t\t\t<\/div>\n\t\t\t\t<div class=\"elementor-element elementor-element-751566d elementor-widget elementor-widget-text-editor\" data-id=\"751566d\" data-element_type=\"widget\" data-widget_type=\"text-editor.default\">\n\t\t\t\t<div class=\"elementor-widget-container\">\n\t\t\t\t\t\t\t<div>Limburg Recycling B.V. verarbeitet Ihre personenbezogenen Daten f\u00fcr die folgenden Zwecke:<\/div>\n<div>&#8211; Abwicklung Ihrer Zahlung<\/div>\n<div>&#8211; Sie anzurufen oder per E-Mail zu kontaktieren, falls dies zur Erbringung unserer Dienstleistungen erforderlich ist<\/div>\n<div>&#8211; Sie \u00fcber \u00c4nderungen an unseren Dienstleistungen und Produkten zu informieren<\/div>\n<div>&#8211; Erm\u00f6glicht Ihnen die Erstellung einer Kundennummer<\/div>\n<div>&#8211; Um Waren\/Abfallmaterialien bei Ihnen abzuholen und\/oder zu liefern<\/div>\n<div>&#8211; Limburg Recycling B.V. verarbeitet auch personenbezogene Daten, wenn wir gesetzlich dazu verpflichtet sind, wie z.B. Daten, die wir f\u00fcr die Umsatzsteuererkl\u00e4rung ben\u00f6tigen.<\/div>\n\t\t\t\t\t\t<\/div>\n\t\t\t\t<\/div>\n\t\t\t\t<div class=\"elementor-element elementor-element-20fb1c1 elementor-widget elementor-widget-heading\" data-id=\"20fb1c1\" data-element_type=\"widget\" data-widget_type=\"heading.default\">\n\t\t\t\t<div class=\"elementor-widget-container\">\n\t\t\t<h2 class=\"elementor-heading-title elementor-size-default\">Automatisierte Entscheidungsfindung<\/h2>\t\t<\/div>\n\t\t\t\t<\/div>\n\t\t\t\t<div class=\"elementor-element elementor-element-5817194 elementor-widget elementor-widget-text-editor\" data-id=\"5817194\" data-element_type=\"widget\" data-widget_type=\"text-editor.default\">\n\t\t\t\t<div class=\"elementor-widget-container\">\n\t\t\t\t\t\t\t<p>Limburg Recycling B.V. trifft keine Entscheidungen auf der Grundlage automatisierter Verarbeitung \u00fcber Angelegenheiten, die Einzelpersonen (erheblich) beeintr\u00e4chtigen k\u00f6nnten.<br \/>\nDies sind Entscheidungen, die von Computerprogrammen oder -systemen getroffen werden, ohne dass eine Person (z.B. ein Mitarbeiter von Limburg Recycling B.V.) daran beteiligt ist.   <\/p>\n\t\t\t\t\t\t<\/div>\n\t\t\t\t<\/div>\n\t\t\t\t<div class=\"elementor-element elementor-element-cbc7e80 elementor-widget elementor-widget-heading\" data-id=\"cbc7e80\" data-element_type=\"widget\" data-widget_type=\"heading.default\">\n\t\t\t\t<div class=\"elementor-widget-container\">\n\t\t\t<h2 class=\"elementor-heading-title elementor-size-default\">Wie lange wir pers\u00f6nliche Daten aufbewahren<\/h2>\t\t<\/div>\n\t\t\t\t<\/div>\n\t\t\t\t<div class=\"elementor-element elementor-element-47f4662 elementor-widget elementor-widget-text-editor\" data-id=\"47f4662\" data-element_type=\"widget\" data-widget_type=\"text-editor.default\">\n\t\t\t\t<div class=\"elementor-widget-container\">\n\t\t\t\t\t\t\t<p>Limburg Recycling B.V. bewahrt Ihre personenbezogenen Daten nicht l\u00e4nger auf, als es f\u00fcr die Erf\u00fcllung der Zwecke, f\u00fcr die Ihre Daten erhoben wurden, unbedingt erforderlich ist.<br \/>\nWir verwenden eine Aufbewahrungsfrist von 5 Jahren nach Beendigung der Zusammenarbeit. <\/p>\n\t\t\t\t\t\t<\/div>\n\t\t\t\t<\/div>\n\t\t\t\t<div class=\"elementor-element elementor-element-33ec3a9 elementor-widget elementor-widget-heading\" data-id=\"33ec3a9\" data-element_type=\"widget\" data-widget_type=\"heading.default\">\n\t\t\t\t<div class=\"elementor-widget-container\">\n\t\t\t<h2 class=\"elementor-heading-title elementor-size-default\">Weitergabe pers\u00f6nlicher Daten an Dritte<\/h2>\t\t<\/div>\n\t\t\t\t<\/div>\n\t\t\t\t<div class=\"elementor-element elementor-element-fa81d62 elementor-widget elementor-widget-text-editor\" data-id=\"fa81d62\" data-element_type=\"widget\" data-widget_type=\"text-editor.default\">\n\t\t\t\t<div class=\"elementor-widget-container\">\n\t\t\t\t\t\t\t<p>Limburg Recycling B.V. liefert nur an Dritte und nur dann, wenn dies f\u00fcr die Erf\u00fcllung unserer Vereinbarung mit Ihnen oder zur Erf\u00fcllung einer gesetzlichen Verpflichtung erforderlich ist.<\/p>\n\t\t\t\t\t\t<\/div>\n\t\t\t\t<\/div>\n\t\t\t\t<div class=\"elementor-element elementor-element-9e0170a elementor-widget elementor-widget-heading\" data-id=\"9e0170a\" data-element_type=\"widget\" data-widget_type=\"heading.default\">\n\t\t\t\t<div class=\"elementor-widget-container\">\n\t\t\t<h2 class=\"elementor-heading-title elementor-size-default\">Cookies oder \u00e4hnliche Techniken, die wir verwenden<\/h2>\t\t<\/div>\n\t\t\t\t<\/div>\n\t\t\t\t<div class=\"elementor-element elementor-element-d334423 elementor-widget elementor-widget-text-editor\" data-id=\"d334423\" data-element_type=\"widget\" data-widget_type=\"text-editor.default\">\n\t\t\t\t<div class=\"elementor-widget-container\">\n\t\t\t\t\t\t\t<p>Limburg Recycling B.V. verwendet keine Cookies oder \u00e4hnliche Techniken.<\/p>\n\t\t\t\t\t\t<\/div>\n\t\t\t\t<\/div>\n\t\t\t\t<div class=\"elementor-element elementor-element-a59724f elementor-widget elementor-widget-heading\" data-id=\"a59724f\" data-element_type=\"widget\" data-widget_type=\"heading.default\">\n\t\t\t\t<div class=\"elementor-widget-container\">\n\t\t\t<h2 class=\"elementor-heading-title elementor-size-default\">Daten ansehen, \u00e4ndern oder l\u00f6schen<\/h2>\t\t<\/div>\n\t\t\t\t<\/div>\n\t\t\t\t<div class=\"elementor-element elementor-element-feec54e elementor-widget elementor-widget-text-editor\" data-id=\"feec54e\" data-element_type=\"widget\" data-widget_type=\"text-editor.default\">\n\t\t\t\t<div class=\"elementor-widget-container\">\n\t\t\t\t\t\t\t<div>Sie haben das Recht, Ihre personenbezogenen Daten einzusehen, zu korrigieren oder zu l\u00f6schen.<br \/>\nSie haben auch das Recht, Ihre eventuelle Zustimmung zur Datenverarbeitung zur\u00fcckzuziehen oder der Verarbeitung Ihrer personenbezogenen Daten durch Limburg Recycling B.V. zu widersprechen, und Sie haben das Recht auf Daten\u00fcbertragbarkeit.<br \/>\nDas bedeutet, dass Sie bei uns beantragen k\u00f6nnen, dass die personenbezogenen Daten, die wir \u00fcber Sie in einer Computerdatei gespeichert haben, an Sie oder eine andere von Ihnen benannte Organisation \u00fcbermittelt werden.<br \/>\nSie k\u00f6nnen einen Antrag auf Einsichtnahme, Berichtigung, L\u00f6schung, \u00dcbertragung Ihrer personenbezogenen Daten oder auf Widerruf Ihrer Einwilligung oder Widerspruch gegen die Verarbeitung Ihrer personenbezogenen Daten an backoffice@limburgrecycling.nl senden.<br \/>\nUm sicherzustellen, dass der Antrag auf Einsichtnahme von Ihnen gestellt wird, bitten wir Sie, dem Antrag eine Kopie Ihres Identit\u00e4tsnachweises beizuf\u00fcgen.<br \/>\nIn dieser Kopie machen Sie bitte Ihr Passfoto, MRZ (maschinenlesbare Zone, der Streifen mit Zahlen am unteren Rand des Passes), Passnummer und     <\/div>\n<div>B\u00fcrgerservicenummer (BSN) schwarz.<br \/>\nDies dient dem Schutz Ihrer Privatsph\u00e4re.<br \/>\nWir werden Ihre Anfrage so schnell wie m\u00f6glich, jedoch innerhalb von vier Wochen, beantworten.<br \/>\nLimburg Recycling B.V. m\u00f6chte Sie auch darauf hinweisen, dass Sie die M\u00f6glichkeit haben, eine Beschwerde bei der nationalen Aufsichtsbeh\u00f6rde, der Beh\u00f6rde f\u00fcr personenbezogene Daten, einzureichen: Sie k\u00f6nnen dies \u00fcber den folgenden Link tun https:\/\/autoriteitpersoonsgegevens.nl\/nl\/contact-met-de-autoriteit-persoonsgegevens\/tip-ons   <\/div>\n\t\t\t\t\t\t<\/div>\n\t\t\t\t<\/div>\n\t\t\t\t<div class=\"elementor-element elementor-element-86b30ca elementor-widget elementor-widget-heading\" data-id=\"86b30ca\" data-element_type=\"widget\" data-widget_type=\"heading.default\">\n\t\t\t\t<div class=\"elementor-widget-container\">\n\t\t\t<h2 class=\"elementor-heading-title elementor-size-default\">Wie wir pers\u00f6nliche Daten sch\u00fctzen<\/h2>\t\t<\/div>\n\t\t\t\t<\/div>\n\t\t\t\t<div class=\"elementor-element elementor-element-bd0858e elementor-widget elementor-widget-text-editor\" data-id=\"bd0858e\" data-element_type=\"widget\" data-widget_type=\"text-editor.default\">\n\t\t\t\t<div class=\"elementor-widget-container\">\n\t\t\t\t\t\t\t<p>Limburg Recycling B.V. nimmt den Schutz Ihrer Daten ernst und ergreift geeignete Ma\u00dfnahmen, um Missbrauch, Verlust, unbefugten Zugriff, unerw\u00fcnschte Offenlegung und unbefugte \u00c4nderung zu verhindern.<br \/>\nWenn Sie den Eindruck haben, dass Ihre Daten nicht ordnungsgem\u00e4\u00df gesichert sind oder es Anzeichen f\u00fcr einen Missbrauch gibt, wenden Sie sich bitte an unseren Kundendienst oder \u00fcber backoffice@limburgrecycling.nl. <\/p>\n\t\t\t\t\t\t<\/div>\n\t\t\t\t<\/div>\n\t\t\t\t\t<\/div>\n\t\t<\/div>\n\t\t\t\t\t<\/div>\n\t\t<\/section>\n\t\t\t\t<\/div>\n\t\t","protected":false},"excerpt":{"rendered":"<p>DATENSCHUTZERKL\u00c4RUNG LIMBURG RECYCLING B.V. Limburg Recycling B.V., Kaupmanshof 2, ist verantwortlich f\u00fcr die Verarbeitung personenbezogener Daten, wie in dieser Datenschutzerkl\u00e4rung beschrieben. Kontaktangaben Kaupmanshof 2, 5993 NA Maasbree, 0031-772083171 D. Bekkema ist der Datenschutzbeauftragte von Limburg Recycling B.V. Sie k\u00f6nnen ihn unter backoffice@limburgrecycling.nl erreichen. Pers\u00f6nliche Daten, die wir verarbeiten Limburg Recycling B.V. verarbeitet Ihre personenbezogenen Daten, [&hellip;]<\/p>\n","protected":false},"author":1,"featured_media":0,"parent":0,"menu_order":0,"comment_status":"closed","ping_status":"closed","template":"elementor_header_footer","meta":{"footnotes":""},"class_list":["post-2018","page","type-page","status-publish","hentry"],"_links":{"self":[{"href":"https:\/\/www.limburgrecycling.nl\/de\/wp-json\/wp\/v2\/pages\/2018","targetHints":{"allow":["GET"]}}],"collection":[{"href":"https:\/\/www.limburgrecycling.nl\/de\/wp-json\/wp\/v2\/pages"}],"about":[{"href":"https:\/\/www.limburgrecycling.nl\/de\/wp-json\/wp\/v2\/types\/page"}],"author":[{"embeddable":true,"href":"https:\/\/www.limburgrecycling.nl\/de\/wp-json\/wp\/v2\/users\/1"}],"replies":[{"embeddable":true,"href":"https:\/\/www.limburgrecycling.nl\/de\/wp-json\/wp\/v2\/comments?post=2018"}],"version-history":[{"count":1,"href":"https:\/\/www.limburgrecycling.nl\/de\/wp-json\/wp\/v2\/pages\/2018\/revisions"}],"predecessor-version":[{"id":2019,"href":"https:\/\/www.limburgrecycling.nl\/de\/wp-json\/wp\/v2\/pages\/2018\/revisions\/2019"}],"wp:attachment":[{"href":"https:\/\/www.limburgrecycling.nl\/de\/wp-json\/wp\/v2\/media?parent=2018"}],"curies":[{"name":"wp","href":"https:\/\/api.w.org\/{rel}","templated":true}]}}