{"id":1237,"date":"2023-07-13T13:32:56","date_gmt":"2023-07-13T13:32:56","guid":{"rendered":"https:\/\/www.limburgrecycling.testbanana.nl\/freie-stellen\/"},"modified":"2024-03-19T08:22:49","modified_gmt":"2024-03-19T08:22:49","slug":"freie-stellen","status":"publish","type":"page","link":"https:\/\/www.limburgrecycling.nl\/de\/freie-stellen\/","title":{"rendered":"Freie Stellen"},"content":{"rendered":"\t\t<div data-elementor-type=\"wp-page\" data-elementor-id=\"1237\" class=\"elementor elementor-1237 elementor-221\" data-elementor-post-type=\"page\">\n\t\t\t\t\t\t<section class=\"elementor-section elementor-top-section elementor-element elementor-element-736b447 elementor-section-height-min-height elementor-section-boxed elementor-section-height-default elementor-section-items-middle\" data-id=\"736b447\" data-element_type=\"section\" data-settings=\"{&quot;background_background&quot;:&quot;classic&quot;}\">\n\t\t\t\t\t\t\t<div class=\"elementor-background-overlay\"><\/div>\n\t\t\t\t\t\t\t<div class=\"elementor-container elementor-column-gap-default\">\n\t\t\t\t\t<div class=\"elementor-column elementor-col-100 elementor-top-column elementor-element elementor-element-b90aa0b\" data-id=\"b90aa0b\" data-element_type=\"column\">\n\t\t\t<div class=\"elementor-widget-wrap elementor-element-populated\">\n\t\t\t\t\t\t<div class=\"elementor-element elementor-element-30a047f elementor-widget elementor-widget-heading\" data-id=\"30a047f\" data-element_type=\"widget\" data-widget_type=\"heading.default\">\n\t\t\t\t<div class=\"elementor-widget-container\">\n\t\t\t<h2 class=\"elementor-heading-title elementor-size-default\">Freie Stellen<\/h2>\t\t<\/div>\n\t\t\t\t<\/div>\n\t\t\t\t\t<\/div>\n\t\t<\/div>\n\t\t\t\t\t<\/div>\n\t\t<\/section>\n\t\t\t\t<section class=\"elementor-section elementor-top-section elementor-element elementor-element-0b91da2 elementor-section-boxed elementor-section-height-default elementor-section-height-default\" data-id=\"0b91da2\" data-element_type=\"section\">\n\t\t\t\t\t\t<div class=\"elementor-container elementor-column-gap-default\">\n\t\t\t\t\t<div class=\"elementor-column elementor-col-50 elementor-top-column elementor-element elementor-element-63ab41f\" data-id=\"63ab41f\" data-element_type=\"column\">\n\t\t\t<div class=\"elementor-widget-wrap elementor-element-populated\">\n\t\t\t\t\t\t<div class=\"elementor-element elementor-element-5e2e386 elementor-widget elementor-widget-heading\" data-id=\"5e2e386\" data-element_type=\"widget\" data-widget_type=\"heading.default\">\n\t\t\t\t<div class=\"elementor-widget-container\">\n\t\t\t<h2 class=\"elementor-heading-title elementor-size-default\">Stellenangebot Trader<\/h2>\t\t<\/div>\n\t\t\t\t<\/div>\n\t\t\t\t\t<\/div>\n\t\t<\/div>\n\t\t\t\t<div class=\"elementor-column elementor-col-50 elementor-top-column elementor-element elementor-element-2115b83\" data-id=\"2115b83\" data-element_type=\"column\">\n\t\t\t<div class=\"elementor-widget-wrap elementor-element-populated\">\n\t\t\t\t\t\t<div class=\"elementor-element elementor-element-6dde702 elementor-widget elementor-widget-heading\" data-id=\"6dde702\" data-element_type=\"widget\" data-widget_type=\"heading.default\">\n\t\t\t\t<div class=\"elementor-widget-container\">\n\t\t\t<h2 class=\"elementor-heading-title elementor-size-default\">Sie werden in einem kleinen Team arbeiten, in dem es viel Raum f\u00fcr die Gestaltung der eigenen Rolle gibt. Als Kaufmann oder Kauffrau bilden Sie ein unverzichtbares Bindeglied innerhalb unseres Unternehmens. Unsere Kunden sind haupts\u00e4chlich Schrotth\u00e4ndler, Reifenverwerter, Industrieunternehmen, Recyclingfirmen und M\u00fcllverbrennungsanlagen. Es ist eine echte M\u00e4nnerwelt. Wir suchen genau denjenigen, der es liebt, getestet zu werden. Der selbst daf\u00fcr sorgt, dass er in dieser Welt ernst genommen wird.<\/h2>\t\t<\/div>\n\t\t\t\t<\/div>\n\t\t\t\t\t<\/div>\n\t\t<\/div>\n\t\t\t\t\t<\/div>\n\t\t<\/section>\n\t\t\t\t<section class=\"elementor-section elementor-top-section elementor-element elementor-element-e9030a4 elementor-section-full_width elementor-section-height-default elementor-section-height-default\" data-id=\"e9030a4\" data-element_type=\"section\">\n\t\t\t\t\t\t<div class=\"elementor-container elementor-column-gap-default\">\n\t\t\t\t\t<div class=\"elementor-column elementor-col-50 elementor-top-column elementor-element elementor-element-6063c87\" data-id=\"6063c87\" data-element_type=\"column\">\n\t\t\t<div class=\"elementor-widget-wrap elementor-element-populated\">\n\t\t\t\t\t\t<div class=\"elementor-element elementor-element-138b313 elementor-widget elementor-widget-image\" data-id=\"138b313\" data-element_type=\"widget\" data-widget_type=\"image.default\">\n\t\t\t\t<div class=\"elementor-widget-container\">\n\t\t\t\t\t\t\t\t\t\t\t\t\t<img fetchpriority=\"high\" decoding=\"async\" width=\"1920\" height=\"1280\" src=\"https:\/\/www.limburgrecycling.nl\/wp-content\/uploads\/2023\/06\/DSC06280-2880w.webp\" class=\"attachment-full size-full wp-image-508\" alt=\"\" srcset=\"https:\/\/www.limburgrecycling.nl\/wp-content\/uploads\/2023\/06\/DSC06280-2880w.webp 1920w, https:\/\/www.limburgrecycling.nl\/wp-content\/uploads\/2023\/06\/DSC06280-2880w-300x200.webp 300w, https:\/\/www.limburgrecycling.nl\/wp-content\/uploads\/2023\/06\/DSC06280-2880w-1024x683.webp 1024w, https:\/\/www.limburgrecycling.nl\/wp-content\/uploads\/2023\/06\/DSC06280-2880w-768x512.webp 768w, https:\/\/www.limburgrecycling.nl\/wp-content\/uploads\/2023\/06\/DSC06280-2880w-1536x1024.webp 1536w\" sizes=\"(max-width: 1920px) 100vw, 1920px\" \/>\t\t\t\t\t\t\t\t\t\t\t\t\t<\/div>\n\t\t\t\t<\/div>\n\t\t\t\t\t<\/div>\n\t\t<\/div>\n\t\t\t\t<div class=\"elementor-column elementor-col-50 elementor-top-column elementor-element elementor-element-f8fbed1\" data-id=\"f8fbed1\" data-element_type=\"column\">\n\t\t\t<div class=\"elementor-widget-wrap elementor-element-populated\">\n\t\t\t\t\t\t<div class=\"elementor-element elementor-element-5e74a76 elementor-widget elementor-widget-heading\" data-id=\"5e74a76\" data-element_type=\"widget\" data-widget_type=\"heading.default\">\n\t\t\t\t<div class=\"elementor-widget-container\">\n\t\t\t<h2 class=\"elementor-heading-title elementor-size-default\">Arbeit<\/h2>\t\t<\/div>\n\t\t\t\t<\/div>\n\t\t\t\t<div class=\"elementor-element elementor-element-c1e8229 elementor-widget elementor-widget-text-editor\" data-id=\"c1e8229\" data-element_type=\"widget\" data-widget_type=\"text-editor.default\">\n\t\t\t\t<div class=\"elementor-widget-container\">\n\t\t\t\t\t\t\t<ul class=\"innerList defaultList\">\n<li>Sie stehen sowohl mit Lieferanten als auch mit Kunden in Kontakt, wobei Sie einerseits die Verantwortung f\u00fcr Ihre Ziele \u00fcbernehmen und andererseits stets ein offenes Ohr haben und Ihre Beziehungen pflegen.<\/li>\n<li>Identifizierung und \u00dcberwachung von Markt- und Produktentwicklungen und Berichterstattung an den Gesch\u00e4ftsf\u00fchrer.<\/li>\n<li>Sie wissen aus Erfahrung, dass ein pers\u00f6nlicher Kontakt f\u00fcr eine Partnerschaft absolut notwendig ist. Sie besuchen regelm\u00e4\u00dfig sowohl Kunden als auch Lieferanten in den zugewiesenen Marktgebieten.<\/li>\n<li>(Festlegen) von Zielen in Bezug auf den Markt (Kunden\/Lieferanten).<\/li>\n<li>Das Arbeitsgebiet wird haupts\u00e4chlich die Niederlande sein, mit der M\u00f6glichkeit, bei Eignung auf das \u00fcbrige Europa zu expandieren.<\/li>\n<\/ul>\n<div>Dar\u00fcber hinaus sind Sie st\u00e4ndig bestrebt, die internen Gesch\u00e4ftsabl\u00e4ufe sowie die administrativen und logistischen Prozesse und Verfahren zu optimieren. Sie werden alle anderen allt\u00e4glichen Aufgaben, die mehr oder weniger stark anfallen, \u00fcbernehmen. In unserer kompakten Organisation mit kurzen Kommunikationswegen sind Sie dem B\u00fcroleiter direkt unterstellt.<\/div>\t\t\t\t\t\t<\/div>\n\t\t\t\t<\/div>\n\t\t\t\t\t<\/div>\n\t\t<\/div>\n\t\t\t\t\t<\/div>\n\t\t<\/section>\n\t\t\t\t<section class=\"elementor-section elementor-top-section elementor-element elementor-element-95eaea1 elementor-section-full_width elementor-reverse-mobile elementor-reverse-tablet elementor-section-height-default elementor-section-height-default\" data-id=\"95eaea1\" data-element_type=\"section\">\n\t\t\t\t\t\t<div class=\"elementor-container elementor-column-gap-default\">\n\t\t\t\t\t<div class=\"elementor-column elementor-col-50 elementor-top-column elementor-element elementor-element-47e1cfd\" data-id=\"47e1cfd\" data-element_type=\"column\">\n\t\t\t<div class=\"elementor-widget-wrap elementor-element-populated\">\n\t\t\t\t\t\t<div class=\"elementor-element elementor-element-da73e9a elementor-widget elementor-widget-heading\" data-id=\"da73e9a\" data-element_type=\"widget\" data-widget_type=\"heading.default\">\n\t\t\t\t<div class=\"elementor-widget-container\">\n\t\t\t<h2 class=\"elementor-heading-title elementor-size-default\">Qualifikationen und F\u00e4higkeiten<\/h2>\t\t<\/div>\n\t\t\t\t<\/div>\n\t\t\t\t<div class=\"elementor-element elementor-element-1f08cf0 elementor-widget elementor-widget-text-editor\" data-id=\"1f08cf0\" data-element_type=\"widget\" data-widget_type=\"text-editor.default\">\n\t\t\t\t<div class=\"elementor-widget-container\">\n\t\t\t\t\t\t\t<ul class=\"innerList defaultList\">\n<li>Sie haben eine abgeschlossene MBO4\/HBO-Ausbildung und sind in Vollzeit verf\u00fcgbar.<\/li>\n<li>Eine Person mit guten Kommunikations- und Schreibkenntnissen in mindestens Niederl\u00e4ndisch, Deutsch und Englisch. Franz\u00f6sischkenntnisse sind von Vorteil.<\/li>\n<li>Sie setzen sich durch, legen Wert auf Fremdbetreuung, strahlen Zuverl\u00e4ssigkeit und Selbstvertrauen aus.<\/li>\n<li>Trotz Ihrer Vertriebs-DNA sind Sie auch sehr akribisch und stellen hohe Anspr\u00fcche an sich selbst. Um Fehler bei der Aufzeichnung zu vermeiden, ist genaues Arbeiten unerl\u00e4sslich.<\/li>\n<li>Sie halten sich an die getroffenen Vereinbarungen, ergreifen die Initiative und sind entschlossen.<\/li>\n<li>Allein der Gedanke daran, mit Kunden Gesch\u00e4fte zu machen oder abzuschlie\u00dfen, gibt Ihnen Energie.<\/li>\n<li>Sie sind kaufm\u00e4nnisch veranlagt; Sie sind ein J\u00e4ger, denken in Gelegenheiten und haben das Bed\u00fcrfnis, sich in Bezug auf Umsatz und Gewinnspanne auszuzeichnen. Sie lieben den Nervenkitzel, wenn Sie ein gutes Gesch\u00e4ft abschlie\u00dfen! Dabei finden Sie die richtige L\u00f6sung f\u00fcr den Kunden, Sie sind ein Verhandlungsexperte, denn Sie sind stark auf den Beinen.<\/li>\n<li>Sie sind praktisch veranlagt; wenn es ein Problem gibt, greifen Sie sofort zum Telefon, anstatt eine E-Mail zu schicken! Wir wollen Sie verlangsamen, nicht auf Touren bringen.<\/li>\n<\/ul>\n\t\t\t\t\t\t<\/div>\n\t\t\t\t<\/div>\n\t\t\t\t\t<\/div>\n\t\t<\/div>\n\t\t\t\t<div class=\"elementor-column elementor-col-50 elementor-top-column elementor-element elementor-element-e521823\" data-id=\"e521823\" data-element_type=\"column\">\n\t\t\t<div class=\"elementor-widget-wrap elementor-element-populated\">\n\t\t\t\t\t\t<div class=\"elementor-element elementor-element-4c12007 elementor-widget elementor-widget-image\" data-id=\"4c12007\" data-element_type=\"widget\" data-widget_type=\"image.default\">\n\t\t\t\t<div class=\"elementor-widget-container\">\n\t\t\t\t\t\t\t\t\t\t\t\t\t<img decoding=\"async\" width=\"1920\" height=\"1280\" src=\"https:\/\/www.limburgrecycling.nl\/wp-content\/uploads\/2023\/06\/pexels-photo-461077-2880w.webp\" class=\"attachment-full size-full wp-image-568\" alt=\"\" srcset=\"https:\/\/www.limburgrecycling.nl\/wp-content\/uploads\/2023\/06\/pexels-photo-461077-2880w.webp 1920w, https:\/\/www.limburgrecycling.nl\/wp-content\/uploads\/2023\/06\/pexels-photo-461077-2880w-300x200.webp 300w, https:\/\/www.limburgrecycling.nl\/wp-content\/uploads\/2023\/06\/pexels-photo-461077-2880w-1024x683.webp 1024w, https:\/\/www.limburgrecycling.nl\/wp-content\/uploads\/2023\/06\/pexels-photo-461077-2880w-768x512.webp 768w, https:\/\/www.limburgrecycling.nl\/wp-content\/uploads\/2023\/06\/pexels-photo-461077-2880w-1536x1024.webp 1536w\" sizes=\"(max-width: 1920px) 100vw, 1920px\" \/>\t\t\t\t\t\t\t\t\t\t\t\t\t<\/div>\n\t\t\t\t<\/div>\n\t\t\t\t\t<\/div>\n\t\t<\/div>\n\t\t\t\t\t<\/div>\n\t\t<\/section>\n\t\t\t\t<section class=\"elementor-section elementor-top-section elementor-element elementor-element-0796cd1 elementor-section-full_width elementor-section-height-default elementor-section-height-default\" data-id=\"0796cd1\" data-element_type=\"section\">\n\t\t\t\t\t\t<div class=\"elementor-container elementor-column-gap-default\">\n\t\t\t\t\t<div class=\"elementor-column elementor-col-50 elementor-top-column elementor-element elementor-element-f921ec9\" data-id=\"f921ec9\" data-element_type=\"column\">\n\t\t\t<div class=\"elementor-widget-wrap elementor-element-populated\">\n\t\t\t\t\t\t<div class=\"elementor-element elementor-element-eca0d42 elementor-widget elementor-widget-image\" data-id=\"eca0d42\" data-element_type=\"widget\" data-widget_type=\"image.default\">\n\t\t\t\t<div class=\"elementor-widget-container\">\n\t\t\t\t\t\t\t\t\t\t\t\t\t<img decoding=\"async\" width=\"1920\" height=\"1280\" src=\"https:\/\/www.limburgrecycling.nl\/wp-content\/uploads\/2023\/06\/pexels-photo-3184418-2880w.webp\" class=\"attachment-full size-full wp-image-570\" alt=\"\" srcset=\"https:\/\/www.limburgrecycling.nl\/wp-content\/uploads\/2023\/06\/pexels-photo-3184418-2880w.webp 1920w, https:\/\/www.limburgrecycling.nl\/wp-content\/uploads\/2023\/06\/pexels-photo-3184418-2880w-300x200.webp 300w, https:\/\/www.limburgrecycling.nl\/wp-content\/uploads\/2023\/06\/pexels-photo-3184418-2880w-1024x683.webp 1024w, https:\/\/www.limburgrecycling.nl\/wp-content\/uploads\/2023\/06\/pexels-photo-3184418-2880w-768x512.webp 768w, https:\/\/www.limburgrecycling.nl\/wp-content\/uploads\/2023\/06\/pexels-photo-3184418-2880w-1536x1024.webp 1536w\" sizes=\"(max-width: 1920px) 100vw, 1920px\" \/>\t\t\t\t\t\t\t\t\t\t\t\t\t<\/div>\n\t\t\t\t<\/div>\n\t\t\t\t\t<\/div>\n\t\t<\/div>\n\t\t\t\t<div class=\"elementor-column elementor-col-50 elementor-top-column elementor-element elementor-element-320f304\" data-id=\"320f304\" data-element_type=\"column\">\n\t\t\t<div class=\"elementor-widget-wrap elementor-element-populated\">\n\t\t\t\t\t\t<div class=\"elementor-element elementor-element-2cb2a9e elementor-widget elementor-widget-heading\" data-id=\"2cb2a9e\" data-element_type=\"widget\" data-widget_type=\"heading.default\">\n\t\t\t\t<div class=\"elementor-widget-container\">\n\t\t\t<h2 class=\"elementor-heading-title elementor-size-default\">Das Angebot<\/h2>\t\t<\/div>\n\t\t\t\t<\/div>\n\t\t\t\t<div class=\"elementor-element elementor-element-487f5ca elementor-widget elementor-widget-text-editor\" data-id=\"487f5ca\" data-element_type=\"widget\" data-widget_type=\"text-editor.default\">\n\t\t\t\t<div class=\"elementor-widget-container\">\n\t\t\t\t\t\t\t<ul class=\"innerList defaultList\">\n<li>  Eine coole, herausfordernde Position.<\/li>\n<li>  Raum f\u00fcr eigenen Input.<\/li>\n<li>  F\u00e4higkeit, hybrid zu arbeiten.<\/li>\n<li>  Ein gutes Gehalt mit Wachstumspotenzial.<\/li>\n<li>  Rentenversicherung.<\/li>\n<li>  Firmenwagen.<\/li>\n<li>  Wachstum und Entwicklung werden hoch gesch\u00e4tzt und gef\u00f6rdert.<\/li>\n<\/ul>\n\t\t\t\t\t\t<\/div>\n\t\t\t\t<\/div>\n\t\t\t\t\t<\/div>\n\t\t<\/div>\n\t\t\t\t\t<\/div>\n\t\t<\/section>\n\t\t\t\t<\/div>\n\t\t","protected":false},"excerpt":{"rendered":"<p>Freie Stellen Stellenangebot Trader Sie werden in einem kleinen Team arbeiten, in dem es viel Raum f\u00fcr die Gestaltung der eigenen Rolle gibt. Als Kaufmann oder Kauffrau bilden Sie ein unverzichtbares Bindeglied innerhalb unseres Unternehmens. Unsere Kunden sind haupts\u00e4chlich Schrotth\u00e4ndler, Reifenverwerter, Industrieunternehmen, Recyclingfirmen und M\u00fcllverbrennungsanlagen. Es ist eine echte M\u00e4nnerwelt. Wir suchen genau denjenigen, der [&hellip;]<\/p>\n","protected":false},"author":1,"featured_media":0,"parent":0,"menu_order":0,"comment_status":"closed","ping_status":"closed","template":"elementor_header_footer","meta":{"footnotes":""},"class_list":["post-1237","page","type-page","status-publish","hentry"],"_links":{"self":[{"href":"https:\/\/www.limburgrecycling.nl\/de\/wp-json\/wp\/v2\/pages\/1237","targetHints":{"allow":["GET"]}}],"collection":[{"href":"https:\/\/www.limburgrecycling.nl\/de\/wp-json\/wp\/v2\/pages"}],"about":[{"href":"https:\/\/www.limburgrecycling.nl\/de\/wp-json\/wp\/v2\/types\/page"}],"author":[{"embeddable":true,"href":"https:\/\/www.limburgrecycling.nl\/de\/wp-json\/wp\/v2\/users\/1"}],"replies":[{"embeddable":true,"href":"https:\/\/www.limburgrecycling.nl\/de\/wp-json\/wp\/v2\/comments?post=1237"}],"version-history":[{"count":2,"href":"https:\/\/www.limburgrecycling.nl\/de\/wp-json\/wp\/v2\/pages\/1237\/revisions"}],"predecessor-version":[{"id":1856,"href":"https:\/\/www.limburgrecycling.nl\/de\/wp-json\/wp\/v2\/pages\/1237\/revisions\/1856"}],"wp:attachment":[{"href":"https:\/\/www.limburgrecycling.nl\/de\/wp-json\/wp\/v2\/media?parent=1237"}],"curies":[{"name":"wp","href":"https:\/\/api.w.org\/{rel}","templated":true}]}}